{"id":10899,"date":"2020-02-23T16:43:32","date_gmt":"2020-02-23T14:43:32","guid":{"rendered":"https:\/\/www.turbine-dresden.de\/?page_id=10899"},"modified":"2023-10-14T15:15:22","modified_gmt":"2023-10-14T13:15:22","slug":"classic-kegeln","status":"publish","type":"page","link":"https:\/\/www.turbine-dresden.de\/?page_id=10899","title":{"rendered":"Was bedeutet Classic Kegeln?"},"content":{"rendered":"<div class=\"col-sm-6 links\">\n<p><a href=\"http:\/\/www.kegelnundbowling.de\/classic-kegeln.html\">Quelle:<\/a><\/p>\n<p>Die Classic-Kegelbahn hie\u00df fr\u00fcher Asphalt-Kegelbahn. Dieser Name w\u00e4re heute nicht mehr zeitgem\u00e4\u00df, da die Kugeln l\u00e4ngst nicht mehr \u00fcber asphaltierte Lauffl\u00e4chen, sondern \u00fcber Segmentplatten aus Kunststoff rollen. Diese sind jedoch nicht wie Bohle- und Schere-Kegelbahnen einige Millimeter konkav gew\u00f6lbt, sondern plan. Das macht das Kegeln auf Classic-Bahnen sehr anspruchsvoll.<\/p>\n<p>Es ist relativ schwierig, permanent den Vorderkegel so seitlich zu treffen, dass m\u00f6glichst viele Kegel fallen. Kleine Fehler beim Bewegungsablauf oder bei der Kugelabgabe haben relativ gro\u00dfe Auswirkungen \u2013 und zwar negative\u2026<\/p>\n<\/div>\n<h2>Technische Details<\/h2>\n<div class=\"row zwei\">\n<div class=\"col-sm-6 links\">\n<table border=\"0\" cellspacing=\"2\" cellpadding=\"0\">\n<tbody>\n<tr>\n<td>L\u00e4nge des Anlaufbereiches<\/td>\n<td>5,50 m bis 6,50 m<\/td>\n<\/tr>\n<tr>\n<td>Breite des Anlaufbereiches<\/td>\n<td>1,70 m<\/td>\n<\/tr>\n<tr>\n<td>L\u00e4nge der Kugellauffl\u00e4che<\/td>\n<td>19,50 m<\/td>\n<\/tr>\n<tr>\n<td>Breite der Kugellauffl\u00e4che<\/td>\n<td>1,30 m &#8211; 1,50 m<\/td>\n<\/tr>\n<tr>\n<td>Form und Ma\u00dfe des Kegelsstands<\/td>\n<td>Raute mit 1,00 m Seitenl\u00e4nge<\/td>\n<\/tr>\n<\/tbody>\n<\/table>\n<\/div>\n<div class=\"col-sm-6\">\n<table border=\"0\" cellspacing=\"2\" cellpadding=\"0\">\n<tbody>\n<tr>\n<td>Durchmesser der Kugel<\/td>\n<td>16 cm<\/td>\n<\/tr>\n<tr>\n<td>Gewicht der Kugel<\/td>\n<td>2.818 g bis 2.871 g<\/td>\n<\/tr>\n<tr>\n<td>H\u00f6he der Kegel<\/td>\n<td>40 cm<\/td>\n<\/tr>\n<tr>\n<td>Gewicht der Kegel<\/td>\n<td>circa 1.700 g<\/td>\n<\/tr>\n<\/tbody>\n<\/table>\n<\/div>\n<\/div>\n","protected":false},"excerpt":{"rendered":"<p>Quelle: Die Classic-Kegelbahn hie\u00df fr\u00fcher Asphalt-Kegelbahn. Dieser Name w\u00e4re heute nicht mehr zeitgem\u00e4\u00df, da die Kugeln l\u00e4ngst nicht mehr \u00fcber asphaltierte Lauffl\u00e4chen, sondern \u00fcber Segmentplatten aus Kunststoff rollen. Diese sind jedoch nicht wie Bohle- und Schere-Kegelbahnen einige Millimeter konkav gew\u00f6lbt, sondern plan. Das macht das Kegeln auf Classic-Bahnen sehr anspruchsvoll. Es ist relativ schwierig, permanent&hellip;<\/p>\n","protected":false},"author":80,"featured_media":0,"parent":0,"menu_order":0,"comment_status":"closed","ping_status":"closed","template":"","meta":{"footnotes":""},"class_list":["post-10899","page","type-page","status-publish","hentry"],"_links":{"self":[{"href":"https:\/\/www.turbine-dresden.de\/index.php?rest_route=\/wp\/v2\/pages\/10899","targetHints":{"allow":["GET"]}}],"collection":[{"href":"https:\/\/www.turbine-dresden.de\/index.php?rest_route=\/wp\/v2\/pages"}],"about":[{"href":"https:\/\/www.turbine-dresden.de\/index.php?rest_route=\/wp\/v2\/types\/page"}],"author":[{"embeddable":true,"href":"https:\/\/www.turbine-dresden.de\/index.php?rest_route=\/wp\/v2\/users\/80"}],"replies":[{"embeddable":true,"href":"https:\/\/www.turbine-dresden.de\/index.php?rest_route=%2Fwp%2Fv2%2Fcomments&post=10899"}],"version-history":[{"count":2,"href":"https:\/\/www.turbine-dresden.de\/index.php?rest_route=\/wp\/v2\/pages\/10899\/revisions"}],"predecessor-version":[{"id":11670,"href":"https:\/\/www.turbine-dresden.de\/index.php?rest_route=\/wp\/v2\/pages\/10899\/revisions\/11670"}],"wp:attachment":[{"href":"https:\/\/www.turbine-dresden.de\/index.php?rest_route=%2Fwp%2Fv2%2Fmedia&parent=10899"}],"curies":[{"name":"wp","href":"https:\/\/api.w.org\/{rel}","templated":true}]}}