{"id":109,"date":"2014-01-08T21:00:50","date_gmt":"2014-01-08T19:00:50","guid":{"rendered":"http:\/\/www.turbine-dresden.de\/?page_id=109"},"modified":"2026-04-20T07:26:19","modified_gmt":"2026-04-20T05:26:19","slug":"1-senioren","status":"publish","type":"page","link":"https:\/\/www.turbine-dresden.de\/?page_id=109","title":{"rendered":"1. Senioren"},"content":{"rendered":"<p><strong>Mannschaft<\/strong><\/p>\n<p>Lutz Farack ( ML ), Maik Diersche, Uwe Alo\u00e8, Gerd St\u00f6rer, J\u00f6rg Meyer, Steffen Ludwig, Gert Sch\u00f6nherr, Frank Eidner, Conrad Brade<\/p>\n<p><img loading=\"lazy\" decoding=\"async\" class=\"alignnone size-medium wp-image-11874\" src=\"https:\/\/www.turbine-dresden.de\/wp-content\/uploads\/2026\/04\/P1030510-300x225.jpg\" alt=\"\" width=\"300\" height=\"225\" srcset=\"https:\/\/www.turbine-dresden.de\/wp-content\/uploads\/2026\/04\/P1030510-300x225.jpg 300w, https:\/\/www.turbine-dresden.de\/wp-content\/uploads\/2026\/04\/P1030510-1024x768.jpg 1024w, https:\/\/www.turbine-dresden.de\/wp-content\/uploads\/2026\/04\/P1030510-768x576.jpg 768w, https:\/\/www.turbine-dresden.de\/wp-content\/uploads\/2026\/04\/P1030510-1536x1152.jpg 1536w, https:\/\/www.turbine-dresden.de\/wp-content\/uploads\/2026\/04\/P1030510-2048x1536.jpg 2048w, https:\/\/www.turbine-dresden.de\/wp-content\/uploads\/2026\/04\/P1030510-400x300.jpg 400w\" sizes=\"auto, (max-width: 300px) 100vw, 300px\" \/><\/p>\n<hr \/>\n<p><strong>Training<\/strong><\/p>\n<p>Mittwochs, 15:00 &#8211; 22:00 Uhr<\/p>\n<hr \/>\n<p><strong>Spieljahr 2025\/2026<\/strong><\/p>\n<p>Spielklasse: KSV 2. Verbandsliga, Staffel 2<\/p>\n<p><a href=\"https:\/\/sachsenkegler.info\/index.php\/2-vl-senioren-st-2\">aktuelle Ergebnisse<\/a><a href=\"http:\/\/www.kegeln-okv.de\/SMLS.pdf\"><img loading=\"lazy\" decoding=\"async\" class=\"alignleft wp-image-11288\" src=\"https:\/\/www.turbine-dresden.de\/wp-content\/uploads\/2020\/09\/kegeln_kl.png\" alt=\"\" width=\"100\" height=\"95\" \/><\/a><\/p>\n<p>&nbsp;<\/p>\n<p>&nbsp;<\/p>\n<hr \/>\n<p>&nbsp;<\/p>\n<p>&nbsp;<\/p>\n<p>&nbsp;<\/p>\n<p>&nbsp;<\/p>\n","protected":false},"excerpt":{"rendered":"<p>Mannschaft Lutz Farack ( ML ), Maik Diersche, Uwe Alo\u00e8, Gerd St\u00f6rer, J\u00f6rg Meyer, Steffen Ludwig, Gert Sch\u00f6nherr, Frank Eidner, Conrad Brade Training Mittwochs, 15:00 &#8211; 22:00 Uhr Spieljahr 2025\/2026 Spielklasse: KSV 2. Verbandsliga, Staffel 2 aktuelle Ergebnisse &nbsp; &nbsp; &nbsp; &nbsp; &nbsp; &nbsp;<\/p>\n","protected":false},"author":1,"featured_media":0,"parent":317,"menu_order":8,"comment_status":"closed","ping_status":"closed","template":"","meta":{"footnotes":""},"class_list":["post-109","page","type-page","status-publish","hentry"],"_links":{"self":[{"href":"https:\/\/www.turbine-dresden.de\/index.php?rest_route=\/wp\/v2\/pages\/109","targetHints":{"allow":["GET"]}}],"collection":[{"href":"https:\/\/www.turbine-dresden.de\/index.php?rest_route=\/wp\/v2\/pages"}],"about":[{"href":"https:\/\/www.turbine-dresden.de\/index.php?rest_route=\/wp\/v2\/types\/page"}],"author":[{"embeddable":true,"href":"https:\/\/www.turbine-dresden.de\/index.php?rest_route=\/wp\/v2\/users\/1"}],"replies":[{"embeddable":true,"href":"https:\/\/www.turbine-dresden.de\/index.php?rest_route=%2Fwp%2Fv2%2Fcomments&post=109"}],"version-history":[{"count":31,"href":"https:\/\/www.turbine-dresden.de\/index.php?rest_route=\/wp\/v2\/pages\/109\/revisions"}],"predecessor-version":[{"id":11875,"href":"https:\/\/www.turbine-dresden.de\/index.php?rest_route=\/wp\/v2\/pages\/109\/revisions\/11875"}],"up":[{"embeddable":true,"href":"https:\/\/www.turbine-dresden.de\/index.php?rest_route=\/wp\/v2\/pages\/317"}],"wp:attachment":[{"href":"https:\/\/www.turbine-dresden.de\/index.php?rest_route=%2Fwp%2Fv2%2Fmedia&parent=109"}],"curies":[{"name":"wp","href":"https:\/\/api.w.org\/{rel}","templated":true}]}}