{"id":127,"date":"2014-01-08T21:35:13","date_gmt":"2014-01-08T19:35:13","guid":{"rendered":"http:\/\/www.turbine-dresden.de\/?page_id=127"},"modified":"2020-09-20T17:36:25","modified_gmt":"2020-09-20T15:36:25","slug":"bahnrekorde","status":"publish","type":"page","link":"https:\/\/www.turbine-dresden.de\/?page_id=127","title":{"rendered":"Bahnrekorde"},"content":{"rendered":"<p><img loading=\"lazy\" decoding=\"async\" class=\"alignnone wp-image-7301\" src=\"http:\/\/www.turbine-dresden.de\/wp-content\/uploads\/2019\/09\/Unbenannt-1-300x268.png\" alt=\"\" width=\"201\" height=\"180\" srcset=\"https:\/\/www.turbine-dresden.de\/wp-content\/uploads\/2019\/09\/Unbenannt-1-300x268.png 300w, https:\/\/www.turbine-dresden.de\/wp-content\/uploads\/2019\/09\/Unbenannt-1-768x687.png 768w, https:\/\/www.turbine-dresden.de\/wp-content\/uploads\/2019\/09\/Unbenannt-1-1024x916.png 1024w, https:\/\/www.turbine-dresden.de\/wp-content\/uploads\/2019\/09\/Unbenannt-1-335x300.png 335w, https:\/\/www.turbine-dresden.de\/wp-content\/uploads\/2019\/09\/Unbenannt-1-600x537.png 600w, https:\/\/www.turbine-dresden.de\/wp-content\/uploads\/2019\/09\/Unbenannt-1.png 1254w\" sizes=\"auto, (max-width: 201px) 100vw, 201px\" \/><\/p>\n<ul class=\"accordion cro_boxcol-color\" data-options=\"one_up: false\">\n<li class=\"active cro_bitty\">\n    <div class=\"title\">\n      <h5 class=\"cro_accent\">Mannschaftsbahnrekorde<\/h5>\n    <\/div>\n    <div class=\"content\">\n     \n<table width=\"100%\">\n<tbody>\n<tr>\n<td colspan=\"4\"><strong>200 Wurf 6 Herren<\/strong><\/td>\n<\/tr>\n<tr>\n<td width=\"10%\">06.08.2016<\/td>\n<td width=\"25%\">SK Markranst\u00e4dt 1990<\/td>\n<td width=\"10%\">5767<\/td>\n<td>S. Jabusch 972, T.Schr\u00f6der 1026, S.Riedel 880, S.Hartmann 967, M.Chilcott 944, L.Parpart 978<\/td>\n<\/tr>\n<tr>\n<td colspan=\"4\"><strong>120 Wurf 4 Herren<\/strong><\/td>\n<\/tr>\n<tr>\n<td width=\"10%\">29.04.2015<\/td>\n<td width=\"25%\">SSV Turbine Dresden 1.<\/td>\n<td width=\"10%\">2217<\/td>\n<td>C. Lissek 560, L. Farack 554, J. Teichmann 567, A. Herrling 536<\/td>\n<\/tr>\n<tr>\n<td colspan=\"4\"><strong>120 Wurf 6 Herren<\/strong><\/td>\n<\/tr>\n<tr>\n<td width=\"10%\">25.03.2017<\/td>\n<td width=\"25%\">SSV Turbine Dresden 1.<\/td>\n<td width=\"10%\">3428<\/td>\n<td>H. Ludwig 543, U. Flei\u00dfner 581, M. Teichmann 599, S. Ludwig 520, L. Farack 626, C. Lissek 559<\/td>\n<\/tr>\n<tr>\n<td colspan=\"4\"><strong>100 Wurf 6 Herren<\/strong><\/td>\n<\/tr>\n<tr>\n<td width=\"10%\">05.11.2016<\/td>\n<td width=\"25%\">SSV Turbine Dresden<\/td>\n<td width=\"10%\">2649<\/td>\n<td>R. Marquardt 424, J. Damm 411, R. K\u00fchn 447, M. Buttendorf 424, A.Tobar 458, K. Damm 485<\/td>\n<\/tr>\n<\/tbody>\n<\/table>\n<table width=\"100%\">\n<tbody>\n<tr>\n<td colspan=\"8\"><strong>120 Wurf 4 Damen<\/strong><\/td>\n<\/tr>\n<tr>\n<td colspan=\"2\" width=\"10%\">21.06.2015<\/td>\n<td width=\"25%\">SSV Turbine Dresden<\/td>\n<td colspan=\"2\" width=\"10%\">2033<\/td>\n<td colspan=\"3\">U.Richter 542, S. Flei\u00dfner 527, J. G\u00f6bel 481, M. Flei\u00dfner 483<\/td>\n<\/tr>\n<tr>\n<td colspan=\"8\"><strong>120 Wurf 6 Damen<\/strong><\/td>\n<\/tr>\n<tr>\n<td colspan=\"2\" width=\"10%\">05.02.2017<\/td>\n<td width=\"25%\">DSV 1910 e.V. 2.<\/td>\n<td colspan=\"2\" width=\"10%\">3255<\/td>\n<td colspan=\"3\">M. Grundmann 542, I. Uebe 493, C. Sintke 559, U. Thalheim 558, H. M\u00fcller 553, P. Schumacher 550<\/td>\n<\/tr>\n<tr>\n<td colspan=\"8\"><strong>100 Wurf 6 Damen<\/strong><\/td>\n<\/tr>\n<tr>\n<td colspan=\"2\" width=\"10%\">29.11.2015<\/td>\n<td width=\"25%\">SV Motor Mickten 2.<\/td>\n<td colspan=\"4\" width=\"10%\">2580<\/td>\n<td>Y. Frank 409,K. Jung 456, A. Hey 426, C. Patzsch 445, K. B\u00e4ckta 453,I. Ziegert 391<\/td>\n<\/tr>\n<\/tbody>\n<\/table>\n<table width=\"100%\">\n<tbody>\n<tr>\n<td colspan=\"4\"><strong>120 Wurf 6 Senioren<\/strong><\/td>\n<\/tr>\n<tr>\n<td width=\"10%\">03.09.2016<\/td>\n<td width=\"25%\">SSV Turbine Dresden<\/td>\n<td width=\"10%\">3211<\/td>\n<td>R. Kempe 551, G. Kohl 496, G. Sch\u00f6nherr 564, H.-J. John 544, U. Alo\u00e9 525,<br \/>\nC. Brade 531<\/td>\n<\/tr>\n<tr>\n<td colspan=\"4\"><strong>100 Wurf 6 Senioren<\/strong><\/td>\n<\/tr>\n<tr>\n<td width=\"10%\">09.11.2013<\/td>\n<td width=\"25%\">SSV Turbine Dresden<\/td>\n<td width=\"10%\">2621<\/td>\n<td>E. Leupold 451, G. P\u00e4tzold 461, A. Herrmann 421, H.-J. John 424, R. Kempe 404, J. Meyer 460<\/td>\n<\/tr>\n<tr>\n<td colspan=\"4\"><strong>100 Wurf 4 Senioren<\/strong><\/td>\n<\/tr>\n<tr>\n<td width=\"10%\">02.03.2013<\/td>\n<td width=\"25%\">Thonberger SC 1931<\/td>\n<td width=\"10%\">1739<\/td>\n<td>J. Oswald 453, W. Adam 406, U. Nielebock 468, P. P\u00f6ttmesser 412<\/td>\n<\/tr>\n<\/tbody>\n<\/table>\n\n    <\/div>\n    <\/li>\n<li class=\" cro_bitty\">\n    <div class=\"title\">\n      <h5 class=\"cro_accent\">Senioren A<\/h5>\n    <\/div>\n    <div class=\"content\">\n     \n<table width=\"100%\">\n<tbody>\n<tr>\n<td colspan=\"7\" width=\"100%\"><strong>200 Wurf<\/strong><\/td>\n<\/tr>\n<tr>\n<td width=\"13%\">27.01.2019<\/td>\n<td width=\"17%\">Lutz Farack<\/td>\n<td width=\"38%\">SSV Turbine Dresden<\/td>\n<td width=\"7%\">1008<\/td>\n<td width=\"7%\">643<\/td>\n<td width=\"7%\">365<\/td>\n<td width=\"6%\">7<\/td>\n<\/tr>\n<tr>\n<td colspan=\"7\" width=\"100%\"><strong>120 Wurf<\/strong><\/td>\n<\/tr>\n<tr>\n<td width=\"13%\">11.05.2017<\/td>\n<td width=\"17%\">Lutz Farack<\/td>\n<td width=\"38%\">SSV Turbine Dresden<\/td>\n<td width=\"7%\">630<\/td>\n<td width=\"8%\">392<\/td>\n<td width=\"7%\">238<\/td>\n<td>1<\/td>\n<\/tr>\n<tr>\n<td colspan=\"7\" width=\"100%\"><strong>100 Wurf Bahn 1+2<\/strong><\/td>\n<\/tr>\n<tr>\n<td width=\"13%\">26.02.2011<\/td>\n<td width=\"17%\">Gerd St\u00f6rer<\/td>\n<td width=\"38%\">SSV Turbine Dresden<\/td>\n<td width=\"7%\">502<\/td>\n<td width=\"7%\">308<\/td>\n<td width=\"7%\">194<\/td>\n<td>1<\/td>\n<\/tr>\n<tr>\n<td colspan=\"7\" width=\"100%\"><strong>100 Wurf Bahn 3+4<\/strong><\/td>\n<\/tr>\n<tr>\n<td width=\"13%\">27.01.2019<\/td>\n<td width=\"17%\">Lutz Farack<\/td>\n<td width=\"38%\">SSV Turbine Dresden<\/td>\n<td width=\"7%\">510<\/td>\n<td width=\"7%\">312<\/td>\n<td width=\"7%\">198<\/td>\n<td>0<\/td>\n<\/tr>\n<tr>\n<td colspan=\"9\" width=\"100%\"><strong>100 Wurf Bahn 1-4<\/strong><\/td>\n<\/tr>\n<tr>\n<td width=\"13%\">09.01.2010<\/td>\n<td width=\"17%\">H.-J. Weber<\/td>\n<td width=\"38%\">SV Fortschritt Pirna<\/td>\n<td width=\"7%\">491<\/td>\n<td width=\"7%\">310<\/td>\n<td width=\"7%\">181<\/td>\n<td width=\"6%\">0<\/td>\n<\/tr>\n<\/tbody>\n<\/table>\n\n    <\/div>\n    <\/li>\n<li class=\" cro_bitty\">\n    <div class=\"title\">\n      <h5 class=\"cro_accent\">Senioren B<\/h5>\n    <\/div>\n    <div class=\"content\">\n     \n<table width=\"100%\">\n<tbody>\n<tr>\n<td colspan=\"7\" width=\"100%\"><strong>200 Wurf<\/strong><\/td>\n<\/tr>\n<tr>\n<td width=\"13%\">13.10.2018<\/td>\n<td width=\"17%\">Gerd St\u00f6rer<\/td>\n<td width=\"38%\">SSV Turbine Dresden<\/td>\n<td width=\"7%\">970<\/td>\n<td width=\"7%\">631<\/td>\n<td width=\"7%\">339<\/td>\n<td width=\"6%\">3<\/td>\n<\/tr>\n<tr>\n<td colspan=\"7\" width=\"100%\"><strong>100 Wurf Bahn 1+2<\/strong><\/td>\n<\/tr>\n<tr>\n<td width=\"13%\">23.01.2016<\/td>\n<td width=\"17%\">Georg Scheede<\/td>\n<td width=\"38%\">Thonberg SC 1931<\/td>\n<td width=\"7%\">484<\/td>\n<td width=\"7%\">334<\/td>\n<td width=\"7%\">150<\/td>\n<td width=\"6%\">6<\/td>\n<\/tr>\n<tr>\n<td colspan=\"7\" width=\"100%\"><strong>100 Wurf Bahn 3+4<\/strong><\/td>\n<\/tr>\n<tr>\n<td width=\"13%\">28.10.2018<\/td>\n<td width=\"17%\">Gerd St\u00f6rer<\/td>\n<td width=\"38%\">SSV Turbine Dresden<\/td>\n<td width=\"7%\">505<\/td>\n<td width=\"7%\">329<\/td>\n<td width=\"7%\">176<\/td>\n<td width=\"6%\">0<\/td>\n<\/tr>\n<tr>\n<td colspan=\"7\" width=\"100%\"><strong>100 Wurf Bahn 1-4<\/strong><\/td>\n<\/tr>\n<tr>\n<td width=\"13%\">09.01.2010<\/td>\n<td width=\"17%\">Lothar Huste<\/td>\n<td width=\"38%\">SV Mei\u00dfen<\/td>\n<td width=\"7%\">469<\/td>\n<td width=\"7%\">293<\/td>\n<td width=\"7%\">176<\/td>\n<td width=\"6%\">2<\/td>\n<\/tr>\n<tr>\n<td colspan=\"7\" width=\"100%\"><strong>120 Wurf<\/strong><\/td>\n<\/tr>\n<tr>\n<td width=\"13%\">07.04.2018<\/td>\n<td width=\"17%\">H.-J. Weber<\/td>\n<td width=\"38%\">Thonberger SC 1931<\/td>\n<td width=\"7%\">616<\/td>\n<td width=\"7%\">391<\/td>\n<td width=\"7%\">225<\/td>\n<td width=\"6%\">1<\/td>\n<\/tr>\n<\/tbody>\n<\/table>\n\n    <\/div>\n    <\/li>\n<li class=\" cro_bitty\">\n    <div class=\"title\">\n      <h5 class=\"cro_accent\">Senioren C <\/h5>\n    <\/div>\n    <div class=\"content\">\n     \n<table width=\"100%\">\n<tbody>\n<tr>\n<td colspan=\"7\" width=\"100%\"><strong>100 Wurf Bahn 1-4<\/strong><\/td>\n<\/tr>\n<tr>\n<td width=\"13%\">20.02.2017<\/td>\n<td width=\"17%\">Klaus Quaas<\/td>\n<td width=\"38%\">SSV Turbine Dresden<\/td>\n<td width=\"7%\">456<\/td>\n<td width=\"8%\">309<\/td>\n<td width=\"7%\">147<\/td>\n<td width=\"6%\">7<\/td>\n<\/tr>\n<tr>\n<td colspan=\"7\" width=\"100%\"><strong>100 Wurf Bahn 1+2<\/strong><\/td>\n<\/tr>\n<tr>\n<td width=\"13%\">19.12.2015<\/td>\n<td width=\"17%\">E. Leupold<\/td>\n<td width=\"38%\">SSV Turbine Dresden<\/td>\n<td width=\"7%\">460<\/td>\n<td width=\"7%\">321<\/td>\n<td width=\"7%\">139<\/td>\n<td width=\"6%\">7<\/td>\n<\/tr>\n<tr>\n<td colspan=\"7\" width=\"100%\"><strong>100 Wurf Bahn 3+4<\/strong><\/td>\n<\/tr>\n<tr>\n<td width=\"13%\">07.09.2013<\/td>\n<td width=\"17%\">Peter Wagner<\/td>\n<td width=\"38%\">SSV Turbine Dresden<\/td>\n<td width=\"7%\">452<\/td>\n<td width=\"7%\">293<\/td>\n<td width=\"7%\">159<\/td>\n<td width=\"6%\">7<\/td>\n<\/tr>\n<tr>\n<td colspan=\"7\" width=\"100%\"><strong>120 Wurf\u00a0 <\/strong><\/td>\n<\/tr>\n<tr>\n<td width=\"13%\">16.12.2017<\/td>\n<td width=\"17%\">Klaus Hoffmann<\/td>\n<td width=\"38%\">SSV Turbine Dresden<\/td>\n<td width=\"7%\">572<\/td>\n<td width=\"7%\">382<\/td>\n<td width=\"7%\">190<\/td>\n<td width=\"6%\">3<\/td>\n<\/tr>\n<\/tbody>\n<\/table>\n\n    <\/div>\n    <\/li>\n<li class=\" cro_bitty\">\n    <div class=\"title\">\n      <h5 class=\"cro_accent\">Frauen<\/h5>\n    <\/div>\n    <div class=\"content\">\n     \n<table width=\"100%\">\n<tbody>\n<tr>\n<td colspan=\"7\" width=\"100%\"><strong>120 Wurf Bahn<\/strong><\/td>\n<\/tr>\n<tr>\n<td width=\"13%\">30.05.2019<\/td>\n<td width=\"17%\">Sandra Flei\u00dfner-Teichmann<\/td>\n<td width=\"38%\">SSV Turbine Dresden<\/td>\n<td width=\"7%\">595<\/td>\n<td width=\"7%\">385<\/td>\n<td width=\"7%\">210<\/td>\n<td width=\"6%\">4<\/td>\n<\/tr>\n<tr>\n<td colspan=\"7\" width=\"100%\"><strong>100 Wurf Bahn 1+2\u00a0\u00a0 <\/strong><\/td>\n<\/tr>\n<tr>\n<td width=\"13%\">17.04.2011<\/td>\n<td width=\"17%\">Anja Schr\u00f6der<\/td>\n<td width=\"38%\">SV Fortschritt Pirna<\/td>\n<td width=\"7%\">472<\/td>\n<td width=\"7%\">315<\/td>\n<td width=\"7%\">157<\/td>\n<td width=\"6%\">3<\/td>\n<\/tr>\n<tr>\n<td colspan=\"7\" width=\"100%\"><strong>100 Wurf Bahn 3+4<\/strong><\/td>\n<\/tr>\n<tr>\n<td width=\"13%\">06.04.2014<\/td>\n<td width=\"17%\">Sandra Flei\u00dfner<\/td>\n<td width=\"38%\">SSV Turbine Dresden<\/td>\n<td width=\"7%\">476<\/td>\n<td width=\"7%\">308<\/td>\n<td width=\"7%\">168<\/td>\n<td width=\"6%\">3<\/td>\n<\/tr>\n<tr>\n<td colspan=\"7\" width=\"100%\"><strong>100 Wurf Bahn 1-4<\/strong><\/td>\n<\/tr>\n<tr>\n<td width=\"13%\">13.12.2009<\/td>\n<td width=\"17%\">Katrin Hobusch<\/td>\n<td width=\"38%\">KSV Dresden-Tolkewitz<\/td>\n<td width=\"7%\">407<\/td>\n<td width=\"7%\">288<\/td>\n<td width=\"7%\">119<\/td>\n<td width=\"6%\">10<\/td>\n<\/tr>\n<\/tbody>\n<\/table>\n\n    <\/div>\n    <\/li>\n<li class=\" cro_bitty\">\n    <div class=\"title\">\n      <h5 class=\"cro_accent\">M\u00e4nner<\/h5>\n    <\/div>\n    <div class=\"content\">\n     \n<table width=\"100%\">\n<tbody>\n<tr>\n<td colspan=\"7\" width=\"100%\"><strong>200 Wurf<\/strong><\/td>\n<\/tr>\n<tr>\n<td width=\"13%\">27.01.2019<\/td>\n<td width=\"17%\">Veit T\u00e4nzer<\/td>\n<td width=\"38%\">KSV Bad D\u00fcben<\/td>\n<td width=\"7%\">1058<\/td>\n<td width=\"7%\">683<\/td>\n<td width=\"7%\">375<\/td>\n<td width=\"6%\">1<\/td>\n<\/tr>\n<tr>\n<td colspan=\"7\" width=\"100%\"><strong>120 Wurf<\/strong><\/td>\n<\/tr>\n<tr>\n<td width=\"13%\">29.07.2016<\/td>\n<td width=\"17%\">Daniel Schneider<\/td>\n<td width=\"38%\">SSV Turbine Dresden<\/td>\n<td width=\"7%\">655<\/td>\n<td width=\"7%\">408<\/td>\n<td width=\"7%\">247<\/td>\n<td width=\"6%\">2<\/td>\n<\/tr>\n<tr>\n<td colspan=\"7\" width=\"100%\"><strong>100 Wurf Bahn 1+2<\/strong><\/td>\n<\/tr>\n<tr>\n<td width=\"13%\">17.08.2016<\/td>\n<td width=\"17%\">Mario Teichmann<\/td>\n<td width=\"38%\">SSV Turbine Dresden<\/td>\n<td width=\"7%\">508<\/td>\n<td width=\"7%\">325<\/td>\n<td width=\"7%\">183<\/td>\n<td width=\"6%\">1<\/td>\n<\/tr>\n<tr>\n<td colspan=\"7\" width=\"100%\"><strong>100 Wurf Bahn 3+4<\/strong><\/td>\n<\/tr>\n<tr>\n<td width=\"13%\">06.08.2016<\/td>\n<td width=\"17%\">Tobias Schr\u00f6der<\/td>\n<td width=\"38%\">SK Markranst\u00e4dt 1990<\/td>\n<td width=\"7%\">539<\/td>\n<td width=\"7%\">335<\/td>\n<td width=\"7%\">204<\/td>\n<td width=\"6%\">1<\/td>\n<\/tr>\n<\/tbody>\n<\/table>\n\n    <\/div>\n    <\/li>\n<li class=\" cro_bitty\">\n    <div class=\"title\">\n      <h5 class=\"cro_accent\">Jugend U18w<\/h5>\n    <\/div>\n    <div class=\"content\">\n     \n<table width=\"100%\">\n<tbody>\n<tr>\n<td colspan=\"7\" width=\"100%\"><strong>120 Wurf<\/strong><\/td>\n<\/tr>\n<tr>\n<td width=\"13%\">27.04.2014<\/td>\n<td width=\"17%\">Michaela Kokel<\/td>\n<td width=\"38%\">KV Bautzen 1951<\/td>\n<td width=\"7%\">535<\/td>\n<td width=\"7%\">340<\/td>\n<td width=\"7%\">195<\/td>\n<td width=\"6%\">3<\/td>\n<\/tr>\n<tr>\n<td colspan=\"7\" width=\"100%\"><strong>100 Wurf Bahn 1+2<\/strong><\/td>\n<\/tr>\n<tr>\n<td width=\"13%\">19.12.2010<\/td>\n<td width=\"17%\">Isabell Ziegert<\/td>\n<td width=\"38%\">SV Motor Mickten Dresden<\/td>\n<td width=\"7%\">424<\/td>\n<td width=\"7%\">300<\/td>\n<td width=\"7%\">124<\/td>\n<td width=\"6%\">7<\/td>\n<\/tr>\n<tr>\n<td colspan=\"7\" width=\"100%\"><strong>100 Wurf Bahn 1-4<\/strong><\/td>\n<\/tr>\n<tr>\n<td width=\"13%\">18.10.2009<\/td>\n<td width=\"17%\">Lisa Richter<\/td>\n<td width=\"38%\">SV Dresden-Neustadt 1950<\/td>\n<td width=\"7%\">349<\/td>\n<td width=\"7%\">233<\/td>\n<td width=\"7%\">116<\/td>\n<td width=\"6%\">8<\/td>\n<\/tr>\n<\/tbody>\n<\/table>\n\n    <\/div>\n    <\/li>\n<li class=\" cro_bitty\">\n    <div class=\"title\">\n      <h5 class=\"cro_accent\">Jugend U18m<\/h5>\n    <\/div>\n    <div class=\"content\">\n     \n<table width=\"100%\">\n<tbody>\n<tr>\n<td colspan=\"7\" width=\"100%\"><strong>200 Wurf<\/strong><\/td>\n<\/tr>\n<tr>\n<td width=\"13%\">30.12.2018<\/td>\n<td width=\"17%\">Jannik-Noah Wiesner<\/td>\n<td width=\"38%\">VfB Fraureuth 2.<\/td>\n<td width=\"7%\">629<\/td>\n<td width=\"7%\">349<\/td>\n<td width=\"7%\">978<\/td>\n<td width=\"6%\">8<\/td>\n<\/tr>\n<tr>\n<td colspan=\"7\" width=\"100%\"><strong>120 Wurf<\/strong><\/td>\n<\/tr>\n<tr>\n<td width=\"13%\">27.04.2014<\/td>\n<td width=\"17%\">Felix R\u00f6ber<\/td>\n<td width=\"38%\">SV Motor Mickten Dresden<\/td>\n<td width=\"7%\">558<\/td>\n<td width=\"7%\">365<\/td>\n<td width=\"7%\">193<\/td>\n<td width=\"6%\">6<\/td>\n<\/tr>\n<tr>\n<td colspan=\"7\" width=\"100%\"><strong>100 Wurf Bahn 1+2<\/strong><\/td>\n<\/tr>\n<tr>\n<td width=\"13%\">19.12.2010<\/td>\n<td width=\"17%\">Michael Ziegert<\/td>\n<td width=\"38%\">SV Motor Mickten Dresden<\/td>\n<td width=\"7%\">446<\/td>\n<td width=\"7%\">294<\/td>\n<td width=\"7%\">152<\/td>\n<td width=\"6%\">2<\/td>\n<\/tr>\n<tr>\n<td colspan=\"7\" width=\"100%\"><strong>100 Wurf Bahn 3+4<\/strong><\/td>\n<\/tr>\n<tr>\n<td width=\"13%\">22.11.2012<\/td>\n<td width=\"17%\">Felix R\u00f6ber<\/td>\n<td width=\"38%\">SV Motor Mickten Dresden<\/td>\n<td width=\"7%\">448<\/td>\n<td width=\"7%\">296<\/td>\n<td width=\"7%\">152<\/td>\n<td width=\"6%\">7<\/td>\n<\/tr>\n<\/tbody>\n<\/table>\n\n    <\/div>\n    <\/li>\n<li class=\" cro_bitty\">\n    <div class=\"title\">\n      <h5 class=\"cro_accent\">Juniorinnen U23<\/h5>\n    <\/div>\n    <div class=\"content\">\n     \n<table width=\"100%\">\n<tbody>\n<tr>\n<td colspan=\"7\" width=\"100%\"><strong>120 Wurf<\/strong><\/td>\n<\/tr>\n<tr>\n<td width=\"13%\">21.09.2020<\/td>\n<td width=\"17%\">Zo\u00e9 Hofmann<\/td>\n<td width=\"38%\">Turbine Dresden<\/td>\n<td width=\"7%\">556<\/td>\n<td width=\"7%\"><\/td>\n<td width=\"7%\"><\/td>\n<td width=\"6%\"><\/td>\n<\/tr>\n<tr>\n<td colspan=\"7\" width=\"100%\"><strong>100 Wurf Bahn 1+2<\/strong><\/td>\n<\/tr>\n<tr>\n<td width=\"13%\">06.12.2009<\/td>\n<td width=\"17%\">Christin Rhaesa<\/td>\n<td width=\"38%\">KSV 1991 Freital<\/td>\n<td width=\"7%\">447<\/td>\n<td width=\"7%\">300<\/td>\n<td width=\"7%\">147<\/td>\n<td width=\"6%\">3<\/td>\n<\/tr>\n<tr>\n<td colspan=\"7\" width=\"100%\"><strong>100 Wurf Bahn 3+4<\/strong><\/td>\n<\/tr>\n<tr>\n<td width=\"13%\">17.04.2011<\/td>\n<td width=\"17%\">Fanny Grugel<\/td>\n<td width=\"38%\">KSV Dresden-Leuben<\/td>\n<td width=\"7%\">463<\/td>\n<td width=\"7%\">293<\/td>\n<td width=\"7%\">170<\/td>\n<td width=\"6%\">2<\/td>\n<\/tr>\n<tr>\n<td colspan=\"7\" width=\"100%\"><strong>100 Wurf Bahn 1-4<\/strong><\/td>\n<\/tr>\n<tr>\n<td width=\"13%\">13.12.2009<\/td>\n<td width=\"17%\">Jana St\u00f6rer<\/td>\n<td width=\"38%\">SSV Turbine Dresden<\/td>\n<td width=\"7%\">412<\/td>\n<td width=\"7%\">289<\/td>\n<td width=\"7%\">123<\/td>\n<td width=\"6%\">10<\/td>\n<\/tr>\n<\/tbody>\n<\/table>\n\n    <\/div>\n    <\/li>\n<li class=\" cro_bitty\">\n    <div class=\"title\">\n      <h5 class=\"cro_accent\">Junioren U23<\/h5>\n    <\/div>\n    <div class=\"content\">\n     \n<table width=\"100%\">\n<tbody>\n<tr>\n<td colspan=\"7\" width=\"100%\"><strong>200 Wurf<\/strong><\/td>\n<\/tr>\n<tr>\n<td width=\"13%\">06.08.2016<\/td>\n<td width=\"17%\">Henry Ludwig<\/td>\n<td width=\"38%\">SSV Turbine Dresden<\/td>\n<td width=\"7%\">977<\/td>\n<td width=\"7%\">624<\/td>\n<td width=\"7%\">353<\/td>\n<td width=\"6%\">8<\/td>\n<\/tr>\n<tr>\n<td colspan=\"7\" width=\"100%\"><strong>120 Wurf<\/strong><\/td>\n<\/tr>\n<tr>\n<td width=\"13%\">25.06.2017<\/td>\n<td width=\"17%\">Henry Ludwig<\/td>\n<td width=\"38%\">SSV Turbine Dresden<\/td>\n<td width=\"7%\">599<\/td>\n<td width=\"7%\">377<\/td>\n<td width=\"7%\">222<\/td>\n<td width=\"6%\">2<\/td>\n<\/tr>\n<tr>\n<td colspan=\"7\" width=\"100%\">100 Wurf Bahn 1+2<\/td>\n<\/tr>\n<tr>\n<td width=\"13%\">20.03.2010<\/td>\n<td width=\"17%\">Jens Teichmann<\/td>\n<td width=\"38%\">SSV Turbine Dresden<\/td>\n<td width=\"7%\">490<\/td>\n<td width=\"7%\">324<\/td>\n<td width=\"7%\">166<\/td>\n<td width=\"6%\">3<\/td>\n<\/tr>\n<tr>\n<td colspan=\"7\" width=\"100%\">100 Wurf Bahn 3+4<\/td>\n<\/tr>\n<tr>\n<td width=\"13%\">22.11.2012<\/td>\n<td width=\"17%\">Michael Ziegert<\/td>\n<td width=\"38%\">SV Motor Mickten Dresden<\/td>\n<td width=\"7%\">492<\/td>\n<td width=\"7%\">304<\/td>\n<td width=\"7%\">188<\/td>\n<td width=\"6%\">0<\/td>\n<\/tr>\n<\/tbody>\n<\/table>\n\n    <\/div>\n    <\/li>\n<li class=\" cro_bitty\">\n    <div class=\"title\">\n      <h5 class=\"cro_accent\">Seniorinnen<\/h5>\n    <\/div>\n    <div class=\"content\">\n     \n<table width=\"100%\">\n<tbody>\n<tr>\n<td colspan=\"7\" width=\"100%\"><strong>120 Wurf: Seniorinnen A<br \/>\n<\/strong><\/td>\n<\/tr>\n<tr>\n<td width=\"13%\">2.2.2020<\/td>\n<td width=\"17%\">Jacqueline G\u00f6bel<\/td>\n<td width=\"38%\">SSV Turbine Dresden<\/td>\n<td width=\"7%\">577<\/td>\n<td width=\"7%\">391<\/td>\n<td width=\"7%\">186<\/td>\n<td width=\"6%\">2<\/td>\n<\/tr>\n<tr>\n<td colspan=\"7\" width=\"100%\"><strong>120 Wurf: Seniorinnen B<br \/>\n<\/strong><\/td>\n<\/tr>\n<tr>\n<td width=\"13%\">15.12.2019<\/td>\n<td width=\"17%\">Ursula Kluge<\/td>\n<td width=\"38%\">DSV 1910 e.V.<\/td>\n<td width=\"7%\">556<\/td>\n<td width=\"7%\">374<\/td>\n<td width=\"7%\">182<\/td>\n<td width=\"6%\">2<\/td>\n<\/tr>\n<tr>\n<td colspan=\"7\" width=\"100%\"><strong>120 Wurf: Seniorinnen C<\/strong><\/td>\n<\/tr>\n<tr>\n<td width=\"13%\">25.10.2010<\/td>\n<td width=\"17%\">Margitta Jacob<\/td>\n<td width=\"38%\">ESV Dresden<\/td>\n<td width=\"7%\">561<\/td>\n<td width=\"7%\">385<\/td>\n<td width=\"7%\">176<\/td>\n<td width=\"6%\">2<\/td>\n<\/tr>\n<\/tbody>\n<\/table>\n\n    <\/div>\n    <\/li>\n<\/ul>\n","protected":false},"excerpt":{"rendered":"","protected":false},"author":1,"featured_media":0,"parent":27,"menu_order":13,"comment_status":"closed","ping_status":"closed","template":"","meta":{"footnotes":""},"class_list":["post-127","page","type-page","status-publish","hentry"],"_links":{"self":[{"href":"https:\/\/www.turbine-dresden.de\/index.php?rest_route=\/wp\/v2\/pages\/127","targetHints":{"allow":["GET"]}}],"collection":[{"href":"https:\/\/www.turbine-dresden.de\/index.php?rest_route=\/wp\/v2\/pages"}],"about":[{"href":"https:\/\/www.turbine-dresden.de\/index.php?rest_route=\/wp\/v2\/types\/page"}],"author":[{"embeddable":true,"href":"https:\/\/www.turbine-dresden.de\/index.php?rest_route=\/wp\/v2\/users\/1"}],"replies":[{"embeddable":true,"href":"https:\/\/www.turbine-dresden.de\/index.php?rest_route=%2Fwp%2Fv2%2Fcomments&post=127"}],"version-history":[{"count":84,"href":"https:\/\/www.turbine-dresden.de\/index.php?rest_route=\/wp\/v2\/pages\/127\/revisions"}],"predecessor-version":[{"id":11301,"href":"https:\/\/www.turbine-dresden.de\/index.php?rest_route=\/wp\/v2\/pages\/127\/revisions\/11301"}],"up":[{"embeddable":true,"href":"https:\/\/www.turbine-dresden.de\/index.php?rest_route=\/wp\/v2\/pages\/27"}],"wp:attachment":[{"href":"https:\/\/www.turbine-dresden.de\/index.php?rest_route=%2Fwp%2Fv2%2Fmedia&parent=127"}],"curies":[{"name":"wp","href":"https:\/\/api.w.org\/{rel}","templated":true}]}}