{"id":142,"date":"2014-02-08T11:09:31","date_gmt":"2014-02-08T09:09:31","guid":{"rendered":"http:\/\/www.turbine-dresden.de\/?page_id=142"},"modified":"2026-02-02T18:46:08","modified_gmt":"2026-02-02T16:46:08","slug":"1-frauen-2","status":"publish","type":"page","link":"https:\/\/www.turbine-dresden.de\/?page_id=142","title":{"rendered":"1. Frauen"},"content":{"rendered":"<p><strong>Mannschaft 2025<\/strong><\/p>\n<p>Jaqueline G\u00f6bel (Mannschaftsleiterin), Sandra Flei\u00dfner-Teichmann, Mandy Flei\u00dfner,\u00a0 Birgit D\u00fcllmann, Gritt Ott, Zo\u00e9 Hofmann, L\u00e4tizia Zatschler, Cordula Gerber, Kristina Wolfram, Tina Schaller<\/p>\n<p><img loading=\"lazy\" decoding=\"async\" class=\"alignnone size-medium wp-image-11778\" src=\"https:\/\/www.turbine-dresden.de\/wp-content\/uploads\/2025\/04\/IMG-20250406-WA0023_1-300x212.jpg\" alt=\"\" width=\"300\" height=\"212\" srcset=\"https:\/\/www.turbine-dresden.de\/wp-content\/uploads\/2025\/04\/IMG-20250406-WA0023_1-300x212.jpg 300w, https:\/\/www.turbine-dresden.de\/wp-content\/uploads\/2025\/04\/IMG-20250406-WA0023_1-1024x723.jpg 1024w, https:\/\/www.turbine-dresden.de\/wp-content\/uploads\/2025\/04\/IMG-20250406-WA0023_1-768x542.jpg 768w, https:\/\/www.turbine-dresden.de\/wp-content\/uploads\/2025\/04\/IMG-20250406-WA0023_1-425x300.jpg 425w, https:\/\/www.turbine-dresden.de\/wp-content\/uploads\/2025\/04\/IMG-20250406-WA0023_1.jpg 1394w\" sizes=\"auto, (max-width: 300px) 100vw, 300px\" \/><\/p>\n<p><strong>Trainingszeit:\u00a0 <\/strong>Donnerstag 19:00 &#8211; 22:00 Uhr<\/p>\n<p><img loading=\"lazy\" decoding=\"async\" class=\"alignnone wp-image-7617\" src=\"http:\/\/www.turbine-dresden.de\/wp-content\/uploads\/2019\/10\/okv_pokal-164x300.jpg\" alt=\"\" width=\"107\" height=\"196\" srcset=\"https:\/\/www.turbine-dresden.de\/wp-content\/uploads\/2019\/10\/okv_pokal-164x300.jpg 164w, https:\/\/www.turbine-dresden.de\/wp-content\/uploads\/2019\/10\/okv_pokal-768x1401.jpg 768w, https:\/\/www.turbine-dresden.de\/wp-content\/uploads\/2019\/10\/okv_pokal-561x1024.jpg 561w, https:\/\/www.turbine-dresden.de\/wp-content\/uploads\/2019\/10\/okv_pokal-600x1095.jpg 600w, https:\/\/www.turbine-dresden.de\/wp-content\/uploads\/2019\/10\/okv_pokal.jpg 1782w\" sizes=\"auto, (max-width: 107px) 100vw, 107px\" \/><\/p>\n<p><strong>Saison 2025\/2026<\/strong><br \/>\n<strong>Spielklasse: <\/strong>KVS, 1. Verbandsliga<\/p>\n<p>Leider mussten wir uns als Mannschaft in dieser Session wegen vieler gesundheitlicher Problemchen zur\u00fcckziehen. N\u00e4chste Saison sind wir wieder voll da!<\/p>\n<p><em>Impressionen vom letzten Spieltag der Saison 2024\/2025<\/em><\/p>\n<div class=\"su-image-carousel  su-image-carousel-columns-3 su-image-carousel-has-spacing su-image-carousel-crop su-image-carousel-crop-4-3 su-image-carousel-has-outline su-image-carousel-adaptive su-image-carousel-slides-style-default su-image-carousel-controls-style-dark su-image-carousel-align-none\" style=\"\" data-flickity-options='{\"groupCells\":true,\"cellSelector\":\".su-image-carousel-item\",\"adaptiveHeight\":false,\"cellAlign\":\"left\",\"prevNextButtons\":true,\"pageDots\":true,\"autoPlay\":5000,\"imagesLoaded\":true,\"contain\":true,\"selectedAttraction\":0.025000000000000001387778780781445675529539585113525390625,\"friction\":0.2800000000000000266453525910037569701671600341796875}' id=\"su_image_carousel_6a0583f1cc391\"><div class=\"su-image-carousel-item\"><div class=\"su-image-carousel-item-content\"><img loading=\"lazy\" decoding=\"async\" width=\"1024\" height=\"768\" src=\"https:\/\/www.turbine-dresden.de\/wp-content\/uploads\/2025\/04\/PXL_20250406_101923951-1024x768.jpg\" class=\"\" alt=\"\" srcset=\"https:\/\/www.turbine-dresden.de\/wp-content\/uploads\/2025\/04\/PXL_20250406_101923951-1024x768.jpg 1024w, https:\/\/www.turbine-dresden.de\/wp-content\/uploads\/2025\/04\/PXL_20250406_101923951-300x225.jpg 300w, https:\/\/www.turbine-dresden.de\/wp-content\/uploads\/2025\/04\/PXL_20250406_101923951-768x576.jpg 768w, https:\/\/www.turbine-dresden.de\/wp-content\/uploads\/2025\/04\/PXL_20250406_101923951-1536x1152.jpg 1536w, https:\/\/www.turbine-dresden.de\/wp-content\/uploads\/2025\/04\/PXL_20250406_101923951-2048x1536.jpg 2048w, https:\/\/www.turbine-dresden.de\/wp-content\/uploads\/2025\/04\/PXL_20250406_101923951-400x300.jpg 400w\" sizes=\"auto, (max-width: 1024px) 100vw, 1024px\" \/><span><\/span><\/div><\/div><div class=\"su-image-carousel-item\"><div class=\"su-image-carousel-item-content\"><img loading=\"lazy\" decoding=\"async\" width=\"1024\" height=\"686\" src=\"https:\/\/www.turbine-dresden.de\/wp-content\/uploads\/2025\/04\/PXL_20250406_101826441.MP2_-1024x686.jpg\" class=\"\" alt=\"\" srcset=\"https:\/\/www.turbine-dresden.de\/wp-content\/uploads\/2025\/04\/PXL_20250406_101826441.MP2_-1024x686.jpg 1024w, https:\/\/www.turbine-dresden.de\/wp-content\/uploads\/2025\/04\/PXL_20250406_101826441.MP2_-300x200.jpg 300w, https:\/\/www.turbine-dresden.de\/wp-content\/uploads\/2025\/04\/PXL_20250406_101826441.MP2_-768x514.jpg 768w, https:\/\/www.turbine-dresden.de\/wp-content\/uploads\/2025\/04\/PXL_20250406_101826441.MP2_-1536x1029.jpg 1536w, https:\/\/www.turbine-dresden.de\/wp-content\/uploads\/2025\/04\/PXL_20250406_101826441.MP2_-2048x1372.jpg 2048w, https:\/\/www.turbine-dresden.de\/wp-content\/uploads\/2025\/04\/PXL_20250406_101826441.MP2_-448x300.jpg 448w\" sizes=\"auto, (max-width: 1024px) 100vw, 1024px\" \/><span><\/span><\/div><\/div><div class=\"su-image-carousel-item\"><div class=\"su-image-carousel-item-content\"><img loading=\"lazy\" decoding=\"async\" width=\"1024\" height=\"768\" src=\"https:\/\/www.turbine-dresden.de\/wp-content\/uploads\/2025\/04\/PXL_20250406_101310590-1024x768.jpg\" class=\"\" alt=\"\" srcset=\"https:\/\/www.turbine-dresden.de\/wp-content\/uploads\/2025\/04\/PXL_20250406_101310590-1024x768.jpg 1024w, https:\/\/www.turbine-dresden.de\/wp-content\/uploads\/2025\/04\/PXL_20250406_101310590-300x225.jpg 300w, https:\/\/www.turbine-dresden.de\/wp-content\/uploads\/2025\/04\/PXL_20250406_101310590-768x576.jpg 768w, https:\/\/www.turbine-dresden.de\/wp-content\/uploads\/2025\/04\/PXL_20250406_101310590-1536x1152.jpg 1536w, https:\/\/www.turbine-dresden.de\/wp-content\/uploads\/2025\/04\/PXL_20250406_101310590-2048x1536.jpg 2048w, https:\/\/www.turbine-dresden.de\/wp-content\/uploads\/2025\/04\/PXL_20250406_101310590-400x300.jpg 400w\" sizes=\"auto, (max-width: 1024px) 100vw, 1024px\" \/><span><\/span><\/div><\/div><div class=\"su-image-carousel-item\"><div class=\"su-image-carousel-item-content\"><img loading=\"lazy\" decoding=\"async\" width=\"1024\" height=\"768\" src=\"https:\/\/www.turbine-dresden.de\/wp-content\/uploads\/2025\/04\/PXL_20250406_093447484-1024x768.jpg\" class=\"\" alt=\"\" srcset=\"https:\/\/www.turbine-dresden.de\/wp-content\/uploads\/2025\/04\/PXL_20250406_093447484-1024x768.jpg 1024w, https:\/\/www.turbine-dresden.de\/wp-content\/uploads\/2025\/04\/PXL_20250406_093447484-300x225.jpg 300w, https:\/\/www.turbine-dresden.de\/wp-content\/uploads\/2025\/04\/PXL_20250406_093447484-768x576.jpg 768w, https:\/\/www.turbine-dresden.de\/wp-content\/uploads\/2025\/04\/PXL_20250406_093447484-1536x1152.jpg 1536w, https:\/\/www.turbine-dresden.de\/wp-content\/uploads\/2025\/04\/PXL_20250406_093447484-2048x1536.jpg 2048w, https:\/\/www.turbine-dresden.de\/wp-content\/uploads\/2025\/04\/PXL_20250406_093447484-400x300.jpg 400w\" sizes=\"auto, (max-width: 1024px) 100vw, 1024px\" \/><span>Fallen alle Neune?<\/span><\/div><\/div><div class=\"su-image-carousel-item\"><div class=\"su-image-carousel-item-content\"><img loading=\"lazy\" decoding=\"async\" width=\"1024\" height=\"733\" src=\"https:\/\/www.turbine-dresden.de\/wp-content\/uploads\/2025\/04\/PXL_20250406_0930071152-1024x733.jpg\" class=\"\" alt=\"\" srcset=\"https:\/\/www.turbine-dresden.de\/wp-content\/uploads\/2025\/04\/PXL_20250406_0930071152-1024x733.jpg 1024w, https:\/\/www.turbine-dresden.de\/wp-content\/uploads\/2025\/04\/PXL_20250406_0930071152-300x215.jpg 300w, https:\/\/www.turbine-dresden.de\/wp-content\/uploads\/2025\/04\/PXL_20250406_0930071152-768x549.jpg 768w, https:\/\/www.turbine-dresden.de\/wp-content\/uploads\/2025\/04\/PXL_20250406_0930071152-1536x1099.jpg 1536w, https:\/\/www.turbine-dresden.de\/wp-content\/uploads\/2025\/04\/PXL_20250406_0930071152-2048x1465.jpg 2048w, https:\/\/www.turbine-dresden.de\/wp-content\/uploads\/2025\/04\/PXL_20250406_0930071152-419x300.jpg 419w\" sizes=\"auto, (max-width: 1024px) 100vw, 1024px\" \/><span>treue Fans<\/span><\/div><\/div><div class=\"su-image-carousel-item\"><div class=\"su-image-carousel-item-content\"><img loading=\"lazy\" decoding=\"async\" width=\"970\" height=\"1024\" src=\"https:\/\/www.turbine-dresden.de\/wp-content\/uploads\/2025\/04\/PXL_20250406_091725943-scaled-e1744382886316-970x1024.jpg\" class=\"\" alt=\"\" srcset=\"https:\/\/www.turbine-dresden.de\/wp-content\/uploads\/2025\/04\/PXL_20250406_091725943-scaled-e1744382886316-970x1024.jpg 970w, https:\/\/www.turbine-dresden.de\/wp-content\/uploads\/2025\/04\/PXL_20250406_091725943-scaled-e1744382886316-284x300.jpg 284w, https:\/\/www.turbine-dresden.de\/wp-content\/uploads\/2025\/04\/PXL_20250406_091725943-scaled-e1744382886316-768x811.jpg 768w, https:\/\/www.turbine-dresden.de\/wp-content\/uploads\/2025\/04\/PXL_20250406_091725943-scaled-e1744382886316.jpg 1378w\" sizes=\"auto, (max-width: 970px) 100vw, 970px\" \/><span>treue Fans<\/span><\/div><\/div><div class=\"su-image-carousel-item\"><div class=\"su-image-carousel-item-content\"><img loading=\"lazy\" decoding=\"async\" width=\"1024\" height=\"794\" src=\"https:\/\/www.turbine-dresden.de\/wp-content\/uploads\/2025\/04\/PXL_20250406_102758575.MP3-1024x794.jpg\" class=\"\" alt=\"\" srcset=\"https:\/\/www.turbine-dresden.de\/wp-content\/uploads\/2025\/04\/PXL_20250406_102758575.MP3-1024x794.jpg 1024w, https:\/\/www.turbine-dresden.de\/wp-content\/uploads\/2025\/04\/PXL_20250406_102758575.MP3-300x233.jpg 300w, https:\/\/www.turbine-dresden.de\/wp-content\/uploads\/2025\/04\/PXL_20250406_102758575.MP3-768x596.jpg 768w, https:\/\/www.turbine-dresden.de\/wp-content\/uploads\/2025\/04\/PXL_20250406_102758575.MP3-1536x1191.jpg 1536w, https:\/\/www.turbine-dresden.de\/wp-content\/uploads\/2025\/04\/PXL_20250406_102758575.MP3-2048x1589.jpg 2048w, https:\/\/www.turbine-dresden.de\/wp-content\/uploads\/2025\/04\/PXL_20250406_102758575.MP3-387x300.jpg 387w\" sizes=\"auto, (max-width: 1024px) 100vw, 1024px\" \/><span>da klingelt die gemeinsame Kasse<\/span><\/div><\/div><div class=\"su-image-carousel-item\"><div class=\"su-image-carousel-item-content\"><img loading=\"lazy\" decoding=\"async\" width=\"768\" height=\"1024\" src=\"https:\/\/www.turbine-dresden.de\/wp-content\/uploads\/2025\/04\/IMG_20250406_131857-768x1024.jpg\" class=\"\" alt=\"\" srcset=\"https:\/\/www.turbine-dresden.de\/wp-content\/uploads\/2025\/04\/IMG_20250406_131857-768x1024.jpg 768w, https:\/\/www.turbine-dresden.de\/wp-content\/uploads\/2025\/04\/IMG_20250406_131857-225x300.jpg 225w, https:\/\/www.turbine-dresden.de\/wp-content\/uploads\/2025\/04\/IMG_20250406_131857-1152x1536.jpg 1152w, https:\/\/www.turbine-dresden.de\/wp-content\/uploads\/2025\/04\/IMG_20250406_131857-1536x2048.jpg 1536w, https:\/\/www.turbine-dresden.de\/wp-content\/uploads\/2025\/04\/IMG_20250406_131857-scaled.jpg 1920w\" sizes=\"auto, (max-width: 768px) 100vw, 768px\" \/><span>Jetzt darf gefeiert werden<\/span><\/div><\/div><\/div><script id=\"su_image_carousel_6a0583f1cc391_script\">if(window.SUImageCarousel){setTimeout(function() {window.SUImageCarousel.initGallery(document.getElementById(\"su_image_carousel_6a0583f1cc391\"))}, 0);}var su_image_carousel_6a0583f1cc391_script=document.getElementById(\"su_image_carousel_6a0583f1cc391_script\");if(su_image_carousel_6a0583f1cc391_script){su_image_carousel_6a0583f1cc391_script.parentNode.removeChild(su_image_carousel_6a0583f1cc391_script);}<\/script>\n<p><img loading=\"lazy\" decoding=\"async\" class=\"alignnone size-full wp-image-11288\" src=\"https:\/\/www.turbine-dresden.de\/wp-content\/uploads\/2020\/09\/kegeln_kl.png\" alt=\"\" width=\"200\" height=\"190\" \/><\/p>\n<p><a href=\"https:\/\/www.sachsenkegler.info\/index.php\/vl-frauen\"><strong>hier zu sehen: Aktuelle Ansetzungen und Ergebnisse<\/strong><\/a><\/p>\n<h2><\/h2>\n","protected":false},"excerpt":{"rendered":"<p>Mannschaft 2025 Jaqueline G\u00f6bel (Mannschaftsleiterin), Sandra Flei\u00dfner-Teichmann, Mandy Flei\u00dfner,\u00a0 Birgit D\u00fcllmann, Gritt Ott, Zo\u00e9 Hofmann, L\u00e4tizia Zatschler, Cordula Gerber, Kristina Wolfram, Tina Schaller Trainingszeit:\u00a0 Donnerstag 19:00 &#8211; 22:00 Uhr Saison 2025\/2026 Spielklasse: KVS, 1. Verbandsliga Leider mussten wir uns als Mannschaft in dieser Session wegen vieler gesundheitlicher Problemchen zur\u00fcckziehen. N\u00e4chste Saison sind wir wieder voll&hellip;<\/p>\n","protected":false},"author":1,"featured_media":0,"parent":27,"menu_order":1,"comment_status":"closed","ping_status":"closed","template":"","meta":{"footnotes":""},"class_list":["post-142","page","type-page","status-publish","hentry"],"_links":{"self":[{"href":"https:\/\/www.turbine-dresden.de\/index.php?rest_route=\/wp\/v2\/pages\/142","targetHints":{"allow":["GET"]}}],"collection":[{"href":"https:\/\/www.turbine-dresden.de\/index.php?rest_route=\/wp\/v2\/pages"}],"about":[{"href":"https:\/\/www.turbine-dresden.de\/index.php?rest_route=\/wp\/v2\/types\/page"}],"author":[{"embeddable":true,"href":"https:\/\/www.turbine-dresden.de\/index.php?rest_route=\/wp\/v2\/users\/1"}],"replies":[{"embeddable":true,"href":"https:\/\/www.turbine-dresden.de\/index.php?rest_route=%2Fwp%2Fv2%2Fcomments&post=142"}],"version-history":[{"count":76,"href":"https:\/\/www.turbine-dresden.de\/index.php?rest_route=\/wp\/v2\/pages\/142\/revisions"}],"predecessor-version":[{"id":11846,"href":"https:\/\/www.turbine-dresden.de\/index.php?rest_route=\/wp\/v2\/pages\/142\/revisions\/11846"}],"up":[{"embeddable":true,"href":"https:\/\/www.turbine-dresden.de\/index.php?rest_route=\/wp\/v2\/pages\/27"}],"wp:attachment":[{"href":"https:\/\/www.turbine-dresden.de\/index.php?rest_route=%2Fwp%2Fv2%2Fmedia&parent=142"}],"curies":[{"name":"wp","href":"https:\/\/api.w.org\/{rel}","templated":true}]}}