{"id":19,"date":"2013-12-08T19:31:41","date_gmt":"2013-12-08T17:31:41","guid":{"rendered":"http:\/\/www.turbine-dresden.de\/?page_id=19"},"modified":"2021-06-21T17:23:24","modified_gmt":"2021-06-21T15:23:24","slug":"impressum-2","status":"publish","type":"page","link":"https:\/\/www.turbine-dresden.de\/?page_id=19","title":{"rendered":"Impressum"},"content":{"rendered":"<div class=\"three column\">\n<p><strong>SSV Turbine Dresden e.V.\u00a0<\/strong><br \/>\nPfotenhauerstra\u00dfe 79<br \/>\n01307 Dresden<\/p>\n<p>Tel.: 0351\/44039331<br \/>\nFax: 0351\/44039332<br \/>\nMail: ssv@turbine-dresden.de<\/p>\n<p><strong>Vorstand nach \u00a7 26 BGB<\/strong><br \/>\nMarlies Lukesch, Maik Diersche, Steffen Ludwig, Peter Bl\u00fcthgen<\/p>\n<p><strong>Steuer-Nr.:<\/strong> 203\/142\/06917<br \/>\nFinanzamt Dresden I<\/p>\n<p><strong>Registereintragung<\/strong><br \/>\nDer Verein ist im Vereinsregister des Amtsgericht Dresden unter der Nr. VR 999 eingetragen.<\/p>\n<p><strong>Gemeinn\u00fctzigkeit<\/strong><br \/>\nDer Verein dient ausschlie\u00dflich und unmittelbar gemeinn\u00fctzigen Zwecken im Sinne der \u00a7\u00a7 51 ff. AO.<\/p>\n<p><strong>Webmaster \/ Administration \/ Konzept \/ Layout<\/strong><br \/>\nJens Bl\u00fcthgen<br \/>\nMail: webmaster@turbine-dresden.de<\/p>\n<p>Michael Schmidt<br \/>\nMail: info@jotown.de<\/p>\n<p><strong>Hosting<\/strong><br \/>\nALL-INKL.COM \u2013 Neue Medien M\u00fcnnich<br \/>\nHauptstra\u00dfe 68<br \/>\nD-02742 Friedersdorf<br \/>\nTel.: +49 35872 353-10<br \/>\nFax: +49 35872 353-30<br \/>\nE-Mail:info@all-inkl.com<\/p>\n<p><strong>Content Management System<\/strong><br \/>\nWordPress<br \/>\nwordpress.org<\/p>\n<\/div><div class=\"three column\">\n<\/div><div class=\"six column\">\n<p><strong>1.Haftungsbeschr\u00e4nkung<\/strong><br \/>\nDie Inhalte dieses Internetauftritts werden mit gr\u00f6\u00dftm\u00f6glicher Sorgfalt recherchiert und implementiert.<br \/>\nFehler im Bearbeitungsvorgang sind dennoch nicht auszuschlie\u00dfen.<br \/>\nEine Haftung f\u00fcr die Richtigkeit, Vollst\u00e4ndigkeit und Aktualit\u00e4t dieses Internetauftritts kann trotz sorgf\u00e4ltiger Pr\u00fcfung nicht \u00fcbernommen werden.<br \/>\nWir \u00fcbernehmen keinerlei Haftung f\u00fcr eventuelle Sch\u00e4den oder Konsequenzen, die durch die direkte oder indirekte Nutzung der angebotenen Inhalte entstehen.<br \/>\nAls Inhaltsanbieter sind wir f\u00fcr die eigenen Inhalte, die wir zur Nutzung bereithalten, nach den allgemeinen Gesetzen verantwortlich.<\/p>\n<p><strong>2.Externe Links<\/strong><br \/>\nVon diesen eigenen Inhalten sind unsere Weiterleitungen und Querverweise (\u201cexterne Links\u201d) auf die von anderen Diensteanbietern bereitgehaltenen Inhalte zu unterscheiden.<br \/>\nDiese fremden Inhalte stammen weder von uns noch haben wir die M\u00f6glichkeit, den Inhalt von Seiten Dritter zu beeinflussen.<br \/>\nDie Inhalte fremder Seiten, auf die wir mittels Links verweisen, spiegeln nicht unsere Meinung wieder, sondern dienen lediglich der Information und der Darstellung von Zusammenh\u00e4ngen.<br \/>\nWir haften nicht f\u00fcr fremde Inhalte, auf die wir lediglich im oben genannten Sinne hinweisen.<br \/>\nDie Verantwortlichkeit liegt alleine bei dem Diensteanbieter der Inhalte.<\/p>\n<p>Unser Internetauftritt verwendet Social Plugins (\u201cPlugins\u201d)\u00a0 des sozialen Netzwerkes <a href=\"http:\/\/www.facebook.com\/\" target=\"_self\" rel=\"noopener\">facebook.com<\/a>, welches von der Facebook Inc., 1601 S. California Ave, Palo Alto, CA 94304, USA betrieben wird (\u201cFacebook\u201d). Die Plugins sind mit einem Facebook Logo oder dem Zusatz \u201cFacebook Social Plugin\u201d gekennzeichnet.<br \/>\nWenn Sie eine Webseite unseres Internetauftritts aufrufen, die ein solches Plugin enth\u00e4lt, baut Ihr Browser eine direkte Verbindung mit den Servern von Facebook auf. Der Inhalt des Plugins wird von Facebook direkt an Ihren Browser \u00fcbermittelt und von diesem in die Webseite eingebunden.<br \/>\nDurch die Einbindung der Plugins erh\u00e4lt Facebook die Information, dass Sie die entsprechende Seite unseres Internetauftritts aufgerufen haben. Sind Sie bei Facebook eingeloggt kann Facebook den Besuch Ihrem Facebook-Konto zuordnen. Wenn Sie mit den Plugins interagieren, zum Beispiel den \u201cGef\u00e4llt mir\u201d Button bet\u00e4tigen oder einen Kommentar abgeben, wird die entsprechende Information von Ihrem Browser direkt an Facebook \u00fcbermittelt und dort gespeichert.<br \/>\nZweck und Umfang der Datenerhebung und die weitere Verarbeitung und Nutzung der Daten durch Facebook sowie Ihre diesbez\u00fcglichen Rechte und Einstellungsm\u00f6glichkeiten zum Schutz Ihrer Privatssph\u00e4re entnehmen Sie bitte den\u00a0<a href=\"http:\/\/www.facebook.com\/policy.php\" target=\"_self\" rel=\"noopener\">Datenschutzhinweisen von Facebook<\/a>.<br \/>\nWenn Sie nicht m\u00f6chten, dass Facebook \u00fcber unseren Internetauftritt Daten \u00fcber Sie sammelt, m\u00fcssen Sie sich vor Ihrem Besuch unseres Internetauftritts bei Facebook ausloggen.\u201d<\/p>\n<p><strong>Landgericht Hamburg<\/strong><br \/>\nUrteil vom 12. Mai 1998 \u2013 312 O 85\/98 \u2013 \u201cHaftung f\u00fcr Links\u201d<br \/>\n1. Derjenige, der einen Link auf eine fremde Web-Site setzt, macht sich \u2013 sofern er sich nicht ausreichend distanziert \u2013 dessen Inhalt zu eigen.<br \/>\n2. Der Verweis auf die Verantwortlichkeit des Autors der fremden Web-Site ist nicht ausreichend als Distanzierung. Der Link stellt ungeachtet eines solchen Verweises eine eigene Verbreitung des Inhalts dar.<br \/>\n3. Enth\u00e4lt die Web-Site, auf die verwiesen wird, ehrverletzende oder beleidigende Tatsachenbehauptungen, so hat \u2013 unabh\u00e4ngig von der Haftung des jeweiligen Autors \u2013 derjenige, der den Link auf die fremde Web-Site gesetzt hat, nach \u00a7823 Abs. 1 und Abs. 2 BGB in Verbindung mit \u00a7\u00a7 186 StGB, 824 BGB Schadensersatz zu leisten.<br \/>\nF\u00fcr all diese Links m\u00f6chten wir ausdr\u00fccklich betonen, dass wir keinerlei Einfluss auf die Gestaltung und den Inhalt der gelinkten Seiten haben und jegliche Haftung ablehnen!<\/p>\n<p><strong>3.Urheber- und Leistungsschutzrechte<\/strong><br \/>\nAlle auf dieser Website ver\u00f6ffentlichten Inhalte (das sind Texte, Bilder, Grafiken, Layout usw.) unterliegen dem Urheberrecht\u00a0und Leistungsschutzrecht und<br \/>\nsind dem SSV Turbine Dresden freiwillig und ohne Verpflichtung von Gegenleistungen \u00fcberlassen wurden.<br \/>\nJede vom Urheberrechtsgesetz nicht zugelassene Verwertung bedarf unserer vorherigen schriftlichen Zustimmung bzw. bedarf der Zustimmung der jeweiligen Berechtigten.<br \/>\nDies gilt auch und insbesondere f\u00fcr Bearbeitung, \u00dcbersetzung, Vervielf\u00e4ltigung, Einspeicherung, Verarbeitung bzw. Wiedergabe von Inhalten in Datenbanken oder anderen elektronischen Medien und Systemen.<br \/>\nDie Einrichtung von Links zu unserem Internetauftritt ist grunds\u00e4tzlich zul\u00e4ssig, ohne dass es unserer vorherigen Zustimmung bedarf.<br \/>\nEin Framing unserer Seiten gestatten wir nicht.<br \/>\nDie unerlaubte Reproduktion oder Weitergabe einzelner Inhalte oder kompletter Seiten wird straf- und zivilrechtlich verfolgt.<\/p>\n<p><strong>4.Datenschutz<br \/>\n<\/strong>Durch den Besuch dieser Website k\u00f6nnen Informationen \u00fcber den Zugriff (Datum, Uhrzeit, betrachtete Seite) gespeichert werden. Diese Daten geh\u00f6ren nicht zu den personenbezogenen Daten, sondern sind anonymisiert. Sie werden ausschlie\u00dflich zu statistischen Zwecken ausgewertet. Eine Weitergabe an Dritte, zu kommerziellen oder nichtkommerziellen Zwecken, findet nicht statt.<\/p>\n<p>Der Anbieter weist ausdr\u00fccklich darauf hin, dass die Daten\u00fcbertragung im Internet (z.B. bei der Kommunikation per E-Mail) Sicherheitsl\u00fccken aufweisen und nicht l\u00fcckenlos vor dem Zugriff durch Dritte gesch\u00fctzt werden kann.<\/p>\n<p>Die Verwendung der Kontaktdaten des Impressums zur gewerblichen Werbung ist ausdr\u00fccklich nicht erw\u00fcnscht, es sei denn die SSV Turbine Dresden e.V. hatte zuvor ihre schriftliche Einwilligung erteilt oder es besteht bereits eine Gesch\u00e4ftsbeziehung. SSV Turbine Dresden e.V. und alle auf dieser Website genannten Personen widersprechen hiermit jeder kommerziellen Verwendung und Weitergabe ihrer Daten.<\/p>\n<p><strong>5.Personenbezogene Daten<br \/>\n<\/strong>Sie k\u00f6nnen unsere Webseite ohne Angabe personenbezogener Daten besuchen. Soweit auf unseren Seiten personenbezogene Daten (wie Name, Anschrift oder E-Mail Adresse) erhoben werden, erfolgt dies, soweit m\u00f6glich, auf freiwilliger Basis. Diese Daten werden ohne Ihre ausdr\u00fcckliche Zustimmung nicht an Dritte weitergegeben. Sofern zwischen Ihnen und uns ein Vertragsverh\u00e4ltnis begr\u00fcndet, inhaltlich ausgestaltet oder ge\u00e4ndert werden soll oder Sie an uns eine Anfrage stellen, erheben und verwenden wir personenbezogene Daten von Ihnen, soweit dies zu diesen Zwecken erforderlich ist (Bestandsdaten). Wir erheben, verarbeiten und nutzen personenbezogene Daten soweit dies erforderlich ist, um Ihnen die Inanspruchnahme des Webangebots zu erm\u00f6glichen (Nutzungsdaten). S\u00e4mtliche personenbezogenen Daten werden nur solange gespeichert wie dies f\u00fcr den geannten Zweck (Bearbeitung Ihrer Anfrage oder Abwicklung eines Vertrags) erforderlich ist. Hierbei werden steuer- und handelsrechtliche Aufbewahrungsfristen ber\u00fccksichtigt. Auf Anordnung der zust\u00e4ndigen Stellen d\u00fcrfen wir im Einzelfall Auskunft \u00fcber diese Daten (Bestandsdaten) erteilen, soweit dies f\u00fcr Zwecke der Strafverfolgung, zur Gefahrenabwehr, zur Erf\u00fcllung der gesetzlichen Aufgaben der Verfassungsschutzbeh\u00f6rden oder des Milit\u00e4rischen Abschirmdienstes oder zur Durchsetzung der Rechte am geistigen Eigentum erforderlich ist.<\/p>\n<p><strong>6.Auskunftsrecht<br \/>\n<\/strong>Sie haben das jederzeitige Recht, sich unentgeltlich und unverz\u00fcglich \u00fcber die zu Ihrer Person erhobenen Daten zu erkundigen. Sie haben das jederzeitige Recht, Ihre Zustimmung zur Verwendung Ihrer angegeben pers\u00f6nlichen Daten mit Wirkung f\u00fcr die Zukunft zu widerrufen. Zur Auskunftserteilung wenden Sie sich bitte an SSV Turbine Dresden e.V. unter den Kontaktdaten im Impressum.<\/p>\n<p><strong>7.Besondere Nutzungsbedingungen<\/strong><br \/>\nSoweit besondere Bedingungen f\u00fcr einzelne Nutzungen dieser Website von den vorgenannten Nummern 1. bis 4. abweichen, wird an entsprechender Stelle ausdr\u00fccklich darauf hingewiesen. In diesem Falle gelten im jeweiligen Einzelfall die besonderen Nutzungsbedingungen.<\/p>\n<p><strong>Letzte Version<\/strong><br \/>\n21.06.2021<\/p>\n<\/div><span class=\"clearfix\"> <\/span>\n<p>&nbsp;<\/p>\n","protected":false},"excerpt":{"rendered":"<p>SSV Turbine Dresden e.V.\u00a0 Pfotenhauerstra\u00dfe 79 01307 Dresden Tel.: 0351\/44039331 Fax: 0351\/44039332 Mail: ssv@turbine-dresden.de Vorstand nach \u00a7 26 BGB Marlies Lukesch, Maik Diersche, Steffen Ludwig, Peter Bl\u00fcthgen Steuer-Nr.: 203\/142\/06917 Finanzamt Dresden I Registereintragung Der Verein ist im Vereinsregister des Amtsgericht Dresden unter der Nr. VR 999 eingetragen. Gemeinn\u00fctzigkeit Der Verein dient ausschlie\u00dflich und unmittelbar gemeinn\u00fctzigen&hellip;<\/p>\n","protected":false},"author":1,"featured_media":0,"parent":0,"menu_order":9,"comment_status":"closed","ping_status":"closed","template":"","meta":{"footnotes":""},"class_list":["post-19","page","type-page","status-publish","hentry"],"_links":{"self":[{"href":"https:\/\/www.turbine-dresden.de\/index.php?rest_route=\/wp\/v2\/pages\/19","targetHints":{"allow":["GET"]}}],"collection":[{"href":"https:\/\/www.turbine-dresden.de\/index.php?rest_route=\/wp\/v2\/pages"}],"about":[{"href":"https:\/\/www.turbine-dresden.de\/index.php?rest_route=\/wp\/v2\/types\/page"}],"author":[{"embeddable":true,"href":"https:\/\/www.turbine-dresden.de\/index.php?rest_route=\/wp\/v2\/users\/1"}],"replies":[{"embeddable":true,"href":"https:\/\/www.turbine-dresden.de\/index.php?rest_route=%2Fwp%2Fv2%2Fcomments&post=19"}],"version-history":[{"count":10,"href":"https:\/\/www.turbine-dresden.de\/index.php?rest_route=\/wp\/v2\/pages\/19\/revisions"}],"predecessor-version":[{"id":11340,"href":"https:\/\/www.turbine-dresden.de\/index.php?rest_route=\/wp\/v2\/pages\/19\/revisions\/11340"}],"wp:attachment":[{"href":"https:\/\/www.turbine-dresden.de\/index.php?rest_route=%2Fwp%2Fv2%2Fmedia&parent=19"}],"curies":[{"name":"wp","href":"https:\/\/api.w.org\/{rel}","templated":true}]}}