{"id":30,"date":"2013-12-08T19:36:06","date_gmt":"2013-12-08T17:36:06","guid":{"rendered":"http:\/\/www.turbine-dresden.de\/?page_id=30"},"modified":"2014-03-28T09:06:45","modified_gmt":"2014-03-28T07:06:45","slug":"kyudo","status":"publish","type":"page","link":"https:\/\/www.turbine-dresden.de\/?page_id=30","title":{"rendered":"Kyudo"},"content":{"rendered":"<p>Herzlich Willkommen beim Japanischen Bogenschie\u00dfen.<\/p>\n<p><img decoding=\"async\" class=\"alignnone  wp-image-42\" alt=\"Kamiza\" src=\"https:\/\/www.turbine-dresden.de\/wp-content\/uploads\/2013\/12\/Kamiza.jpg\" width=\"400\" srcset=\"https:\/\/www.turbine-dresden.de\/wp-content\/uploads\/2013\/12\/Kamiza.jpg 768w, https:\/\/www.turbine-dresden.de\/wp-content\/uploads\/2013\/12\/Kamiza-225x300.jpg 225w\" sizes=\"(max-width: 768px) 100vw, 768px\" \/><\/p>\n<p>Kyudo ist die traditionelle Bogenkunst der Samurai.<\/p>\n<p><img decoding=\"async\" class=\"alignnone  wp-image-44\" alt=\"Impression\" src=\"https:\/\/www.turbine-dresden.de\/wp-content\/uploads\/2013\/12\/Impression.jpg\" width=\"400\" srcset=\"https:\/\/www.turbine-dresden.de\/wp-content\/uploads\/2013\/12\/Impression.jpg 768w, https:\/\/www.turbine-dresden.de\/wp-content\/uploads\/2013\/12\/Impression-225x300.jpg 225w\" sizes=\"(max-width: 768px) 100vw, 768px\" \/><\/p>\n<p>Das Motto des Kyudo ist: Korrekte Form, unbedingtes Treffen. (jap. Sei Sha Hi Tshu)<\/p>\n<p><img decoding=\"async\" class=\"alignnone  wp-image-43\" alt=\"Michaela-Surke\" src=\"https:\/\/www.turbine-dresden.de\/wp-content\/uploads\/2013\/12\/Michaela-Surke.jpg\" width=\"400\" srcset=\"https:\/\/www.turbine-dresden.de\/wp-content\/uploads\/2013\/12\/Michaela-Surke.jpg 512w, https:\/\/www.turbine-dresden.de\/wp-content\/uploads\/2013\/12\/Michaela-Surke-224x300.jpg 224w\" sizes=\"(max-width: 512px) 100vw, 512px\" \/><\/p>\n<p>Kyudo ist hartn\u00e4ckiges \u00dcben der richtigen Technik, Freude am Bogenschie\u00dfen und die Entwicklung von Kraft, Konzentration und Dynamik.<\/p>\n<p>Wir bieten:<\/p>\n<ul>\n<li>mehrmals w\u00f6chentlich Training<\/li>\n<li>regelm\u00e4\u00dfige Anf\u00e4ngerkurse<\/li>\n<li>Seminare mit japanischen Lehrern<\/li>\n<li>Teilnahme an Wettk\u00e4mpfen und Meisterschaften<\/li>\n<li>ein tolles Miteinander<\/li>\n<\/ul>\n<p>Wir freuen uns auf:<\/p>\n<ul>\n<li>teamf\u00e4hige<\/li>\n<li>aufgeschlossene<\/li>\n<li>und neugierige Mitstreiter ab 12 Jahren<\/li>\n<\/ul>\n","protected":false},"excerpt":{"rendered":"<p>Herzlich Willkommen beim Japanischen Bogenschie\u00dfen. Kyudo ist die traditionelle Bogenkunst der Samurai. Das Motto des Kyudo ist: Korrekte Form, unbedingtes Treffen. (jap. Sei Sha Hi Tshu) Kyudo ist hartn\u00e4ckiges \u00dcben der richtigen Technik, Freude am Bogenschie\u00dfen und die Entwicklung von Kraft, Konzentration und Dynamik. Wir bieten: mehrmals w\u00f6chentlich Training regelm\u00e4\u00dfige Anf\u00e4ngerkurse Seminare mit japanischen Lehrern&hellip;<\/p>\n","protected":false},"author":1,"featured_media":0,"parent":0,"menu_order":7,"comment_status":"closed","ping_status":"closed","template":"","meta":{"footnotes":""},"class_list":["post-30","page","type-page","status-publish","hentry"],"_links":{"self":[{"href":"https:\/\/www.turbine-dresden.de\/index.php?rest_route=\/wp\/v2\/pages\/30","targetHints":{"allow":["GET"]}}],"collection":[{"href":"https:\/\/www.turbine-dresden.de\/index.php?rest_route=\/wp\/v2\/pages"}],"about":[{"href":"https:\/\/www.turbine-dresden.de\/index.php?rest_route=\/wp\/v2\/types\/page"}],"author":[{"embeddable":true,"href":"https:\/\/www.turbine-dresden.de\/index.php?rest_route=\/wp\/v2\/users\/1"}],"replies":[{"embeddable":true,"href":"https:\/\/www.turbine-dresden.de\/index.php?rest_route=%2Fwp%2Fv2%2Fcomments&post=30"}],"version-history":[{"count":7,"href":"https:\/\/www.turbine-dresden.de\/index.php?rest_route=\/wp\/v2\/pages\/30\/revisions"}],"predecessor-version":[{"id":640,"href":"https:\/\/www.turbine-dresden.de\/index.php?rest_route=\/wp\/v2\/pages\/30\/revisions\/640"}],"wp:attachment":[{"href":"https:\/\/www.turbine-dresden.de\/index.php?rest_route=%2Fwp%2Fv2%2Fmedia&parent=30"}],"curies":[{"name":"wp","href":"https:\/\/api.w.org\/{rel}","templated":true}]}}