{"id":32,"date":"2013-12-08T19:36:29","date_gmt":"2013-12-08T17:36:29","guid":{"rendered":"http:\/\/www.turbine-dresden.de\/?page_id=32"},"modified":"2023-11-12T13:45:50","modified_gmt":"2023-11-12T11:45:50","slug":"volleyball","status":"publish","type":"page","link":"https:\/\/www.turbine-dresden.de\/?page_id=32","title":{"rendered":"Volleyball"},"content":{"rendered":"<p>Herzlich Willkommen bei der Abteilung Volleyball, welche sich in drei Sparten aufteilt: Aktive-M\u00e4nner (Stadtliga), Freizeit-Mix und ein kleines Beachteam. Wir suchen Verst\u00e4rkung. Wenn du Lust hast, melde dich gerne und wir laden dich auf ein Probespiel ein.<\/p>\n<h2>Training<\/h2>\n<table style=\"width: 100%; border: 0px;\">\n<tbody>\n<tr style=\"text-align: left; height: 35px;\">\n<th><strong>Volleyball 1<\/strong><br \/>\n<strong>(M\u00e4nner, BFS-Stadtliga Aktive)<\/strong><\/th>\n<th>Volleyball 2<br \/>\n(Mix, Freizeit)<\/th>\n<\/tr>\n<tr>\n<td>Training:<br \/>\nMontag 19:45-22:00 Uhr<\/td>\n<td>Training:<br \/>\nMittwoch 20:00-21:30 Uhr<\/td>\n<\/tr>\n<tr>\n<td><a title=\"auf Karte zeigen\" href=\"https:\/\/goo.gl\/maps\/uXRZk33BEhK8Yt339\" target=\"new_Ort\" rel=\"noopener noreferrer\">Sporthalle<br \/>\nTerassenufer 15,<br \/>\n01069 Dresden<\/a><\/td>\n<td>Sporthalle H\u00fcl\u00dfe-Gymnasium<br \/>\nH\u00fcl\u00dfestr. 16<br \/>\n01237 Dresden<\/td>\n<\/tr>\n<tr>\n<td>Ansprechpartner: Ralf Udtke<br \/>\nTel.: 0172 3510110<br \/>\ne-Mail: <a href=\"mailto:volleyball@turbine-dresden.de\">volleyball@turbine-dresden.de<\/a><\/td>\n<td>Ansprechpartner: Yvonne Winkelmann<br \/>\ne-Mail: <a href=\"mailto:volleyball@turbine-dresden.de\">volleyball@turbine-dresden.de<\/a><\/td>\n<\/tr>\n<\/tbody>\n<\/table>\n<h2>Tabellen und Ergebnisse<strong><br \/>\n<\/strong><\/h2>\n<p>Hier ein Blick auf die <a title=\"BFS Dresden Aktive 1\" href=\"https:\/\/www.ssvb.org\/cms\/home\/spielbetrieb\/bfs\/bfs_dresden.xhtml?LeaguePresenter.view=resultTable&amp;LeaguePresenter.matchSeriesId=52785112#samsCmsComponent_51094150\" target=\"new\" rel=\"noopener noreferrer\">aktuelle Tabelle<\/a>:<\/p>\n<p><iframe loading=\"lazy\" src=\"https:\/\/www.ssvb.org\/cms\/home\/spielbetrieb\/bfs\/bfs_dresden.xhtml?LeaguePresenter.view=resultTable&amp;LeaguePresenter.matchSeriesId=52785112#samsCmsComponent_51094150\" width=\"100%\" height=\"520\" frameborder=\"0\"><\/iframe><\/p>\n<p>Der Link zum <a title=\"Uwe's terminplaner\" href=\"https:\/\/www.ifww.mw.tu-dresden.de\/anmeldung\/Termin.aspx?Ver=2\" target=\"new\" rel=\"noopener noreferrer\">Terminplaner<\/a> (nur f\u00fcr Mitglieder)<\/p>\n","protected":false},"excerpt":{"rendered":"<p>Herzlich Willkommen bei der Abteilung Volleyball, welche sich in drei Sparten aufteilt: Aktive-M\u00e4nner (Stadtliga), Freizeit-Mix und ein kleines Beachteam. Wir suchen Verst\u00e4rkung. Wenn du Lust hast, melde dich gerne und wir laden dich auf ein Probespiel ein. Training Volleyball 1 (M\u00e4nner, BFS-Stadtliga Aktive) Volleyball 2 (Mix, Freizeit) Training: Montag 19:45-22:00 Uhr Training: Mittwoch 20:00-21:30 Uhr&hellip;<\/p>\n","protected":false},"author":1,"featured_media":11719,"parent":0,"menu_order":6,"comment_status":"closed","ping_status":"closed","template":"","meta":{"footnotes":""},"class_list":["post-32","page","type-page","status-publish","has-post-thumbnail","hentry"],"_links":{"self":[{"href":"https:\/\/www.turbine-dresden.de\/index.php?rest_route=\/wp\/v2\/pages\/32","targetHints":{"allow":["GET"]}}],"collection":[{"href":"https:\/\/www.turbine-dresden.de\/index.php?rest_route=\/wp\/v2\/pages"}],"about":[{"href":"https:\/\/www.turbine-dresden.de\/index.php?rest_route=\/wp\/v2\/types\/page"}],"author":[{"embeddable":true,"href":"https:\/\/www.turbine-dresden.de\/index.php?rest_route=\/wp\/v2\/users\/1"}],"replies":[{"embeddable":true,"href":"https:\/\/www.turbine-dresden.de\/index.php?rest_route=%2Fwp%2Fv2%2Fcomments&post=32"}],"version-history":[{"count":125,"href":"https:\/\/www.turbine-dresden.de\/index.php?rest_route=\/wp\/v2\/pages\/32\/revisions"}],"predecessor-version":[{"id":11718,"href":"https:\/\/www.turbine-dresden.de\/index.php?rest_route=\/wp\/v2\/pages\/32\/revisions\/11718"}],"wp:featuredmedia":[{"embeddable":true,"href":"https:\/\/www.turbine-dresden.de\/index.php?rest_route=\/wp\/v2\/media\/11719"}],"wp:attachment":[{"href":"https:\/\/www.turbine-dresden.de\/index.php?rest_route=%2Fwp%2Fv2%2Fmedia&parent=32"}],"curies":[{"name":"wp","href":"https:\/\/api.w.org\/{rel}","templated":true}]}}