{"id":363,"date":"2014-03-09T17:46:19","date_gmt":"2014-03-09T15:46:19","guid":{"rendered":"http:\/\/www.turbine-dresden.de\/?page_id=363"},"modified":"2015-06-12T11:59:35","modified_gmt":"2015-06-12T09:59:35","slug":"chronik","status":"publish","type":"page","link":"https:\/\/www.turbine-dresden.de\/?page_id=363","title":{"rendered":"Chronik"},"content":{"rendered":"<p>Vorwort<\/p>\n<p>In dieser Sonderausgabe des Turbine-Kickers soll ein Abriss der 100j\u00e4hrigen Geschichte des Sporttreibens, insbesondere des Fu\u00dfballspielens, in der Dresdener Johannstadt dargelegt werden. Interessenten zu ausf\u00fchrlicheren Niederschriften k\u00f6nnen sich gern in der Gesch\u00e4ftsstelle des SSV Turbine Dresden nach Absprache informieren.<\/p>\n<p>Anschrift: SSV Turbine Dresden<br \/>\nGesch\u00e4ftsstelle Pfotenhauerstr. 79 01307 Dresden<br \/>\nTelefon\/Fax: 0351\/8607457<\/p>\n<p>Lothar D\u00f6hler<br \/>\nTelefon: 0351\/4955315<\/p>\n<p>Auf diesem Weg m\u00f6chte sich die Vereinsleitung bei allen Sportfreunden bedanken, die diese Fakten, Daten, Fotos und andere Unterlagen \u00fcber die Geschichte vom DSV Guts Muts, der SG Johannstadt, des KWU Dresden sowie der SSV Turbine Dresden zur Verf\u00fcgung gestellt bzw. dem Verein \u00fcberlassen haben.<\/p>\n<p>Gro\u00dfer Dank geb\u00fchrt unserem Ehrenmitglied Lothar D\u00f6hler, der diese Unterlagen gesichtet, sortiert und in m\u00fchevoller Kleinarbeit aufgearbeitet hat und somit die Geschichte nachvollziehbar in einer Chronik niedergelegt werden konnte. <strong><em>&#8222;Die Chronik kann auch als Brosch\u00fcre im Sportcasino oder in der Gesch\u00e4ftsstelle erworben werden.&#8220;<\/em><\/strong> Der Anspruch auf Vollst\u00e4ndigkeit kann durch die Autoren keinesfalls gegeben werden.<\/p>\n<p>Die Verfasser dieser kleinen geschichtlichen Reise durch die Chronik der Sportgeschichte unseres Vereins m\u00f6chte es nicht vers\u00e4umen, sich bei allen, die sich bei der Gestaltung und Entwicklung der Sportgeschichte in Johannstadt verdient gemacht haben und noch machen, bedanken und in der Hoffung verbleiben, dass das Sporttreiben in Johannstadt noch viele Jahre weitergeht.<\/p>\n<ul class=\"accordion cro_boxcol-color\" data-options=\"one_up: false\">\n<li class=\"active cro_bitty\">\n    <div class=\"title\">\n      <h5 class=\"cro_accent\">Das Jahr 1902 \u2013 Die Neugr\u00fcndung<\/h5>\n    <\/div>\n    <div class=\"content\">\n     \n<p>Der Sportverein \u201eGuts Muts\u201d begann mit dem Fu\u00dfballbetrieb. Eine Auswahl junger Leute, Sch\u00fcler des Gymnasiums \u201eZum heiligen Kreuz\u201d und Turner des Turnvereins \u201eGuts Muths\u201d gr\u00fcndeten den \u201e Dresdener Sportverein Guts Muts\u201d. Aber das wichtigste zum Sporttreiben fehlte noch: ein Sportplatz. Hier ein Abriss der Sportpl\u00e4tze:<\/p>\n<ul>\n<li>die Wiese an der Tittmannstra\u00dfe (1902)<\/li>\n<li>die Wiese an der St\u00fcbelallee (1903)<\/li>\n<li>die Wiese an der Hochuferstra\u00dfe (1904)<\/li>\n<li>die Elbwiesen vor dem Wasserwerk Tolkewitz (1905)<\/li>\n<li>die ehemalige alte Radrennbahn an der Pfotenhauerstra\u00dfe (1912)<\/li>\n<li>Pachtsportplatz in Dresden-Reick (1923).<\/li>\n<\/ul>\n<p>Der Sportplatz Pfotenhauerstr. ist bis heute die Spielst\u00e4tte des SSV Turbine Dresden. In den Jahren nach dem 1. Weltkrieg entwickelte sich \u201eGuts Muts\u201d zum gr\u00f6\u00dften Sportverein Sachsens mit ca. 1500 Mitgliedern in 12 Abteilungen, so unter anderem Fu\u00dfball, Handball, Leichtathletik, Tennis, Schwimmen, Boxen, Hockey, Turnen, Paddeln.<br \/>\nIn dieser Zeit konnten auch hervorragende Erfolge verzeichnet werden, so &#8211; der Gewinn der Deutschen Handball-Meisterschaft der Frauen 1927 &#8211; der Gewinn der Mitteldeutschen Fu\u00dfball-Meisterschaft der M\u00e4nner 1923.<br \/>\nIn der Endrunde um die Deutsche Fu\u00dfball-Meisterschaft unterlag der DSV \u201eGuts Muts\u201d nur dem sp\u00e4teren Deutschen Meister Hamburger SV mit 2:0.<br \/>\nNach diesen Erfolgen entwickelte sich der DSV \u201eGuts Muts\u201d neben dem Dresdner SC zu einer der f\u00fchrenden Fu\u00dfballvereine im s\u00e4chsischen Raum. In dieser Zeit wurden dann auch erste internationale Fu\u00dfballk\u00e4mpfe ausgetragen.<br \/>\nIn Spielen gegen die Bolton Wanderers aus England, Slavia Prag, Boldenklubben Kopenhagen sowie gegen die \u00c4gyptische Olympiaauswahl und Galatasray Konstantinopel.<br \/>\nDiese Vergleiche geh\u00f6rten zu den fu\u00dfballerischen Leckerbissen dieser Zeit und festigten den guten Ruf des DSV \u201eGuts Muts\u201d.<\/p>\n<p>Am 11.08.1923 wurde der Sportplatz auf der Radrennbahn in Dresden-Reick mit dem Fu\u00dfballspiel zwischen dem <em>DSV Guts Muts &amp; Blouw Wit Amsterdam (3:2)<\/em> eingeweiht.<br \/>\n(Der Sportplatz an der Radrennbahn wurde f\u00fcr Gro\u00dfveranstaltungen genutzt, wenn das Fassungsverm\u00f6gen des Stadions an der Pfotenhauerstr. nicht ausreichte.)<br \/>\nMit der Neuordnung der bisherigen Fu\u00dfballverb\u00e4nde in den Jahren 1933\/34 spielte \u201e(Guts Muts\u201d mit den spielst\u00e4rksten s\u00e4chsischen Mannschaften in der damaligen Gauliga. W\u00e4hrend die Mannschaft in den Folgejahren immer vordere Tabellenpl\u00e4tze belegte, konnte mit Beginn des 2. Weltkrieges das hohe spielerische Niveau durch den Einzug von Spielern in die Wehrmacht nicht mehr gehalten werden und somit auch die h\u00f6chste Spielklasse:<\/p>\n<ul>\n<li>1939\/40 Abstieg aus der Gauliga<\/li>\n<li>1940\/41 Aufstieg in die Gauliga<\/li>\n<li>1941\/42 Abstieg aus der Gauliga<\/li>\n<\/ul>\n<p>Im letzten Spiel in der Geschichte vom DSV \u201eGuts Muts\u201d unterlag man am 17. Dezember 1944 gegen den Ortsrivalen Dresdener SC mit 1:0.<\/p>\n<p>Ein weiterer Beleg der Klasse von Guts Muts sind die damaligen Nationalspieler August Sackenheim, Rudolf Leip und Martin Rei\u00dfmann. Das Ende des 2. Weltkrieges 1945 und vorher noch die sinnlose Zerst\u00f6rung unserer Heimatstadt Dresden am 13. Februar 1945 beendete auch die Geschichte des Traditionsvereins <strong>\u201eDSV Guts Muts\u201d.<\/strong><\/p>\n\n    <\/div>\n    <\/li>\n<li class=\"active cro_bitty\">\n    <div class=\"title\">\n      <h5 class=\"cro_accent\">Das Jahr 1945 \u2013 Der Neubeginn<\/h5>\n    <\/div>\n    <div class=\"content\">\n     \n<p>Trotz des Chaos, der gr\u00f6\u00dfte Teil der Dresdener Sportanlagen waren zerst\u00f6rt, beginnen sich Fu\u00dfballer wieder zu sammeln. Obwohl schon nach kurzer Zeit die ersten Freundschaftsspiele im Dresdner Raum stattfanden, begann der organisierte Punktspielbetrieb in Form eines \u201eFu\u00dfball-Aufbauturniers\u201d am 17. M\u00e4rz 1946.<\/p>\n<p>Nicht mehr die Vereine sind die Tr\u00e4ger des Sports, sondern die neu gegr\u00fcndeten Stadtbezirke. Die erste Punktspielpaarung, des in 2 Staffeln a 10 Mannschaften geteilten Turniers, f\u00fcr Johannstadt: <em>374. Bezirk Johannstadt gegen 18. Bezirk Neustadt-Ost (6:0)<\/em> Am Ende dieser 1. Runde belegte Johannstadt den 6. Platz.<\/p>\n<p>Das war der Beginn einer erfolgreichen \u00c4ra des Fu\u00dfballs in Dresden \u2013 Johannstadt. 25. August 1946 Fu\u00dfball St\u00e4dtekampf zwischen Dresden \u2013 Berlin 6:2 Fu\u00dfball-St\u00e4dtekampf Dresden-Berlin Sonntag, den 25. August 1946, Stadion Ostragehege Ansto\u00df 17.30 Uhr<br \/>\n<img decoding=\"async\" id=\"image10\" src=\"https:\/\/www.turbine-dresden.de\/wp-content\/uploads\/2014\/04\/staedekampf.gif\" alt=\"staedekampf.gif\" \/><\/p>\n<p>Beide Stadtmannschaften sind seit Jahren nicht wieder zusammengetroffen, so da\u00df diese Begegnung der beiden Fu\u00dfballhochburgen mit allgemeiner Spannung erwartet wird.<\/p>\n<p>Die Berliner haben gegen Magdeburg, Halle, Dessau, Brandenburg usw. gl\u00e4nzende Erfolge erzielt, w\u00e4hrend die Dresdner von ihren f\u00fcnf St\u00e4dtek\u00e4mpfen in diesem Jahre zwar gegen Leipzig 8:4 und gegen Chemnitz 2:1 siegten, aber auf des Gegners Platz mit 0:1 gegen Leipzig und 2:3 gegen Chemnitz unterlagen. Der letzte Fu\u00dfball-St\u00e4dtekampf Dresden-Magdeburg endete 3:3 in Dresden.<br \/>\n*Artikel aus dem Veranstaltungsprogramm der S\u00e4chsischen Sporttage 1946 1948<\/p>\n<p>Knabenmeisterschaft (10-12 Jahre) der Stadt Dresden Johannstadt \u2013 Mickten 2:0 und 4:0 Die SG Johannstadt ist Stadtmeister bei den Knaben. 1949 Jugendmeisterschaft (14-16 Jahre) der Stadt Dresden Die SG Johannstadt unterliegt Cotta mit 0:2 und 1:2. 1949 Pokalsieg der M\u00e4nner \u00fcber den Ostzonen Meister Zwickau-Planitz in der Hauptrunde mit 3:2<\/p>\n\n    <\/div>\n    <\/li>\n<li class=\"active cro_bitty\">\n    <div class=\"title\">\n      <h5 class=\"cro_accent\">Das Jahr 1949 - KWU Dresden<\/h5>\n    <\/div>\n    <div class=\"content\">\n     \n<table border=\"0\" width=\"100%\" cellspacing=\"1\" cellpadding=\"0\">\n<tbody>\n<tr>\n<td valign=\"top\">KWU Dresden<\/td>\n<td><img decoding=\"async\" id=\"image11\" src=\"https:\/\/www.turbine-dresden.de\/wp-content\/uploads\/2014\/04\/kwu.gif\" alt=\"kwu.gif\" \/><\/td>\n<\/tr>\n<\/tbody>\n<\/table>\n<p>1949<\/p>\n<ul>\n<li>Bildung des Kommunalen Wirtschafts Unternehmen Dresden (KWU)<\/li>\n<li>Sportfreundin Edith Keller-Hermann wird Schach-Gro\u00dfmeisterin<\/li>\n<li>Gr\u00fcndung der Sektion Eishockey<\/li>\n<\/ul>\n<p>1950<\/p>\n<ul>\n<li>Teilnehmer an der Oberliga im Wasserball<\/li>\n<li>Dreier-Mannschaftskampf im Schwimmen zwischen RFT Gera\/ZSG Altenburg\/KWU Dresden 2. Platz<\/li>\n<li>Teilnahme an der Hockey \u2013 Landesklasse der M\u00e4nner<\/li>\n<li>DDR-Meister im Kegeln (Dreiermannschaft) Sportfreunde Philipp\/Reinisch\/Schenk<\/li>\n<li>Leichtathletik: Max Gebhardt (Olympia Teilnehmer 1936 in Berlin) wird Kreismeister im Langlauf und gewinnt den Lauf quer durch Berlin<\/li>\n<\/ul>\n\n    <\/div>\n    <\/li>\n<li class=\"active cro_bitty\">\n    <div class=\"title\">\n      <h5 class=\"cro_accent\">Das Jahr 1951 - BSG Turbine Dresden<\/h5>\n    <\/div>\n    <div class=\"content\">\n     \n<table border=\"0\" width=\"100%\" cellspacing=\"1\" cellpadding=\"0\">\n<tbody>\n<tr>\n<td valign=\"top\">BSG Turbine Dresden<\/td>\n<td><a href=\"https:\/\/www.turbine-dresden.de\/wp-content\/uploads\/2014\/02\/turbine-e1392062425438.png\"><img loading=\"lazy\" decoding=\"async\" class=\"alignleft  wp-image-280\" src=\"https:\/\/www.turbine-dresden.de\/wp-content\/uploads\/2014\/02\/turbine-259x300.png\" alt=\"turbine\" width=\"162\" height=\"188\" \/><\/a><\/td>\n<\/tr>\n<\/tbody>\n<\/table>\n<p>1951 Gr\u00fcndung der BSG Turbine Dresden Einweihung des Karl-Stein-Stadion an der Pfotenhauerstr. Neubau des Sportcasinos am Sportplatz <img decoding=\"async\" id=\"image14\" src=\"https:\/\/www.turbine-dresden.de\/wp-content\/uploads\/2014\/04\/sportcasino.gif\" alt=\"sportcasino.gif\" \/><\/p>\n<p>1951 Anbau der Tischtennishalle an der Fetscherstr.<\/p>\n<p>Neubau der Kegelbahn in Dresden-Reick Neubau der Kegelbahn im Kraftwerk Mitte Neubau der Traglufthalle am Gaswerk Reick Abriss der Elbkurve (Zuschauertraversen), Bau eines Kleinfeldhandballplatzes Ausbau der Wanderh\u00fctte in Schellerhau.<\/p>\n<p>1953 Teilnahme an einem Tischtennis-Vergleichskampf in Hamburg, Turbine Dresden war in Hamburg.<\/p>\n<p>Nachdem am 12. Dezember 1952 zur gr\u00f6\u00dften Freude aller Sportler die Oberweseler Beschl\u00fcsse aufgehoben worden sind, setzte sich die Sektion Tischtennis der BSG Turbine Dresden sofort mit dem Verband der Firmrensportvereine Hamburg in Verbindung und erreichte innerhalb von 14 Tagen einen Abschlu\u00df f\u00fcr das f\u00e4llige R\u00fcckspiel gegen die Hamburger Sportfreunde, die am 21.\/22. Juni vergangenen Jahres in Dresden zu Besuch waren. Gro\u00df war die Freude beim Wiedersehen in Hamburg und es zeigte sich hier erneut, da\u00df es f\u00fcr die Sportler aus Ost und West keine Zonengrenzen gibt.<\/p>\n<p>Die 1. Mannschaft der BSG Turbine Dresden (Tischtennis-Bezirksliga) trat die Fahrt mit folgenden Sportfreunden an: Legler, Dra\u00dfdo, Hille, Lip-pold, Kr\u00f6nert, F\u00f6rster, K\u00e4\u00dfner, Lengling und Goebe als Mannschaftsleiter. Im ersten Spiel am Sonnabend, dem 17. Januar, wurde gegen den Firmen-klub Iduna-Germania Hamburg gespielt, der in der Hamburger A-Klasse (zweith\u00f6chste Spielklasse) ver-ankert ist. Vor etwa 300 Zuschauern gewannen die Dresdner nach technisch sch\u00f6nen Spielen verdient mit 9:1 Punkten und 19:4 S\u00e4tzen. Am n\u00e4chsten Tage war die Firmenmannschaft Trethorn Gastgeber. Diese Mannschaft spielt in der Hamburger Sonder-klasse (1. Spielklasse) und ist Firmenmeister vor Hamburg 1952\/53. Vor etwa 400 Zuschauern verloren die Dresdner trotz guter Leistungen etwas ungl\u00fccklich mit 4:9 Punkten und 14:19 S\u00e4tzen. Der Beifall der Zuschauer nach beiden Spielen hat bewiesen, da\u00df das objektive Publikum auch mit den vom Unterlegenen gezeigten Leistungen sehr zufrieden war. Erfolgreichste Spieler im Einzel waren: Sportfreund Kr\u00f6nert, Hille und F\u00f6rster, w\u00e4hrend im Doppel die Sportfreunde Legler und Kr\u00f6nert begeisterten.\u201d<\/p>\n<ul>\n<li>1954 DDR-Meister der Jugend im Feldhockey<\/li>\n<li>1955\/1956 Kreisklassen-Meister Dresden im Fu\u00dfball der M\u00e4nner, Aufstieg in die 2. Bezirksklasse nicht geschafft<\/li>\n<li>1957 erneuter Kreisklassen-Meister im Fu\u00dfball der M\u00e4nner, Aufstieg in die 2. Bezirksklasse geschafft<\/li>\n<li>1958 Meister der 2. Bezirksklasse im Fu\u00dfball der M\u00e4nner und Aufstieg in die 1. Bezirksklasse 1962\/1963 Meister der 1. Bezirksklasse im Fu\u00dfball der M\u00e4nner und Aufstieg in die Bezirksliga<\/li>\n<\/ul>\n<p><img loading=\"lazy\" decoding=\"async\" id=\"image110\" src=\"https:\/\/www.turbine-dresden.de\/wp-content\/uploads\/2014\/04\/turbine1962.jpg\" alt=\"turbine1962.jpg\" width=\"477\" height=\"319\" \/><br \/>\nObere Reihe: Waldhof, Lippert, Fischer, Frenzel, Henkel, Fabinski, B\u00f6nisch, Heide, Schirmer, Ruffer, Wiese Helas Untere Reihe: Leineweber, K\u00fchnel, D\u00f6hler, Sch\u00fctze BSG Turbine Dresden gegen Chemie Pirna (1:0) Torsch\u00fctze: Leineweber <img decoding=\"async\" id=\"image16\" src=\"https:\/\/www.turbine-dresden.de\/wp-content\/uploads\/2014\/04\/turnier1973.jpg\" alt=\"turnier1973.jpg\" \/><br \/>\nOben: Lothar D\u00f6hler bei der Ehrung der Sieger Unten:Die Turbine-Mannschaften aus Dresden und Potsdam mit Arno Hoffmann und Frau Stein 1976 25 Jahre BSG Turbine Dresden <img decoding=\"async\" id=\"image18\" src=\"https:\/\/www.turbine-dresden.de\/wp-content\/uploads\/2014\/04\/25jahreturbine.jpg\" alt=\"25jahreturbine.jpg\" \/><br \/>\nEhrungen von aktiven Vereinsmitgliedern der Sektionen Kegeln. Fu\u00dfball, Tischtennis, Gymnastik<\/p>\n<p>1976 Magda Wendschuh wird 80. Jahre (sie war 1936 Weltmeisterin im Schere-Kegeln)<br \/>\n1977 Bau der Flutlichtanlage auf dem Sportplatz<br \/>\n1978 Neubau der Einfriedung auf dem Sportplatz \u00dcbergabe und Einweihung des Gasometers als Sporthalle Vom Gasometer zum Sportparadies Aktivit\u00e4ten, die sich sehen lassen k\u00f6nnen.<\/p>\n<p>Wo gesprengt werden mu\u00df, bleibt meist kein Stein auf dem anderen. Anders im alten Gaswerk Reick: Nach der Sprengung eines Gasbeh\u00e4ltes blieb, wie klug vorausberechnet, ein kreisf\u00f6rmiges, 2 100 Quadratmeter gro\u00dfes Fundament, umschlossen von einer 5,50 Meter hohen Mauer, erhalten. Damit war der billigste Grundstein f\u00fcr eine ger\u00e4umige Sporthalle gelegt worden, die zwar noch nicht morgen, jedoch in absehbarer Zeit fertiggestellt wird. Vor kurzem trafen sich bei Kombinatsdirektor Dr. Herbert Richter der Parteisekret\u00e4r Gerhard Pietsch, der Direktor der Betriebsberufsschule des Energiekombinates Ost, Dr. Claus Hebenstreit, der Vorsitzende der Betriebssportkommission, Christian Metelka, der Vorsitzende der BSG Turbine, Dieter Brettschneider, und der Vorsitzende des DTSB-Stadtbezirksvorstandes Dresden-S\u00fcd, Uwe Thiele. Die Genossen sprachen ausf\u00fchrlich \u00fcber die f\u00fcr den Stadtbezirk beispielhafte Entwicklungskonzeption des Energiekombinates Ost, die auch, weitere Aktivit\u00e4ten im Territorium ausl\u00f6sen wird. Immerhin ist entsprechend des Beschlusses des DTSB-Stadtbezirks-vorstandes vorgesehen, bis 1985 zu erreichen, da\u00df 20 Prozent der Einwohner von S\u00fcd regelm\u00e4\u00dfig sportlich t\u00e4tig sind. \u201cIm Energiekombinat Ost treiben 22 Prozent der Werkt\u00e4tigen kontinuierlich Freizeit- und Erholungssport oder stehen im \u00dcbungs-, Trainings- und Wettkampfbetrieb\u201d, berichtete Genosse Dr. Richter. In den Sektionen Tischtennis, Kegeln, Handball, Wandern und Bergsteigen, Gymnastik\/Turnen, Leichtathletik, Fu\u00dfball, Schach, Volleyball und Billard sind \u00fcber 800 Angeh\u00f6rige des Kombinats organisiert. Hinzu kommen noch die Lehrlinge. 1985 sollen es 540 BSG-Mitglieder mehr sein.<\/p>\n<p>Keinesfalls einfach ist die Aufgabe, in den n\u00e4chsten Jahren 40 neue Kampf- und Schiedsrichter sowie 96 \u00dcbungsleiter zu gewinnen. Um die Gesundheit und Leistungsf\u00e4higkeit der Werkt\u00e4tigen zu f\u00f6rdern, die Freizeit und das kollektive Erlebnis sinnvoll mitzugestalten, organisiert die BSG \u201cTurbine\u201d in enger Zusammenarbeit mit dem Tr\u00e4gerbetrieb Sportfeste der sozialistischen Brigaden, des Reservistenkollektivs sowie des vom Energiekombinat Ost zu betreuenden Wohngebietes, Betriebsmeisterschaften in mehreren Sportarten, das beliebte Wintersportfest, die Betriebssportwoche und den Volkssporttag.<\/p>\n<p>Am Wintersporttag im Erzgebirge nahmen 1400 Belegschaftsmitglieder mit ihren Familienangeh\u00f6rigen teil. Das Fernsehen der DDR berichtete dar\u00fcber im Februar in seiner Sendung \u201eHalbzeit\u201d.<\/p>\n<p>Horst Mokro\u00df 1985-1986 DDR-Meistertitel im Handball der M\u00e4dchen FDGB-Pokalsieg der Frauen im Handball<br \/>\n<img decoding=\"async\" id=\"image28\" src=\"https:\/\/www.turbine-dresden.de\/wp-content\/uploads\/2014\/04\/handball1985.jpg\" alt=\"handball1985.jpg\" \/><br \/>\n<em>TZ Turbine ist im Handball Spitze!<\/em> <em>Das weibliche Trainingszentrum Handball von Turbine Dresden ist bereits seit \u201cJahren ein f\u00fchrendes Trainingszentrum im Bezirk Dresden. <\/em><\/p>\n<p><em>Die dort angewandten Trainingsmethoden zahlen sich auch bei den Meisterschaften unseres Bezirkes bis zu den DDR-Meisterschaften aus. So dr\u00fccken dies die Ergebnisse der Saison 1986 mit den Plazierungen: AK 11 \u2013 4. Platz, AK 12 \u2013 DDR-Meister (Foto oben) und AK 13 \u2013 3. Platz auch recht deutlich aus. Hervorragende Unterst\u00fctzung erhalten die einzelnen Trainingskollektive durch den Tr\u00e4gerbetrieb des VEB Energiekombinat Dresden und durch den TZ-Leiter Sportfreund J\u00fcrgen Zappe. <\/em><\/p>\n<p><em>Am 8. M\u00e4rz wurden die Endrunden zur Ermittlung der Bezirksmeister 1987 in Dresden, G\u00f6rlitz und Mei\u00dfen ausgespielt. Als einziges Trainingszentrum war Turbine in allen Altersbereichen vertre-ten. Am Ende konnte ein weiteres stolzes Ergebnis mit der Erringung aller Bezirksmeistertitel in die bisherige gute Bilanz verbucht werden. <\/em><\/p>\n<p>Nachdem die Handballm\u00e4dchen von Turbine im vergangenen Jahr den DDR-Meistertitel der AK 12 erk\u00e4mpfen konnten, z\u00e4hlten sie auch in dieser Saison als Bezirksmeister, der n\u00e4chsth\u00f6heren AK 13\/14 zum Favoritenkreis. \u00dcber die Vorrunde qualifizierten sie sich f\u00fcr das Finale in Sonneberg, wo sie trotz einer \u201eZitterniederlage\u201d gegen Sachsenring Zwickau (5:10) mit drei knappen Siegen wiederum die goldenen Meistermedaillen bekamen.<\/p>\n<p>Dabei gingen die Spiele gegen Einheit Sirokko Neubrandenburg mit 10:9, gegen den SC Empor Rostock 11:9 und gegen UT Erf\u00fcrt 11:10 an die Dresdner M\u00e4dchen. Dieser Erfolg ist vor allem Ausdruck der langfristigen und kontinuierlichen Nachwuchsarbeit im weiblichen Bereich des TZ Handball und ein Turbine-Beitrag in der \u201cSportstafette XI. Parteitag\u201d.<br \/>\n<em>Text und Foto: Bernd Teichert<\/em><\/p>\n<p>1987 \u00dcbergabe der Kegelbahn Und wieder fallen alle neune \u2026 Am Vorabend des 1. Mai rekonstruierte Kegelsportanlage in Dresden-Reick in Betrieb genommen <img loading=\"lazy\" decoding=\"async\" id=\"image111\" src=\"https:\/\/www.turbine-dresden.de\/wp-content\/uploads\/2014\/04\/kegel1.jpg\" alt=\"kegel1.jpg\" width=\"472\" height=\"150\" \/> <img loading=\"lazy\" decoding=\"async\" id=\"image112\" src=\"https:\/\/www.turbine-dresden.de\/wp-content\/uploads\/2014\/04\/kegel2.jpg\" alt=\"kegel2.jpg\" width=\"472\" height=\"148\" \/><\/p>\n\n    <\/div>\n    <\/li>\n<li class=\"active cro_bitty\">\n    <div class=\"title\">\n      <h5 class=\"cro_accent\">Das Jahr 1990 - SSV Turbine Dresden<\/h5>\n    <\/div>\n    <div class=\"content\">\n     \n<p>1992 Fusion der Fu\u00dfballabteilungen von Turbine und Aufbau-Ost Gewinn der Stadtmeisterschaft im Fu\u00dfball der M\u00e4nner und Aufstieg in die Bezirksklasse<\/p>\n<p>1994 TT-Oldies noch im Punktekampf Der J\u00fcngste wird in diesem Monat 60 Jahre In diesem Monat wird Manfred Dra\u00dfdo, mehrmaliger TT-Stadtmeister von Dresden, 60 Jahre. Die Dresdner TT-Gemeinde gratuliert dazu.<\/p>\n<p>Der Jubilar ist seit \u00fcber 40 Jahren aktiver TT-Spieler und geh\u00f6rt als j\u00fcngster (!) der 2. Mannschaft des SSV Turbine Dresden an.Seit vielen Jahren spielt die Mannschaft in gleicher Besetzung, geh\u00f6rte lange zu den Spitzenmannschaften des Bezirkes Dresden. Obwohl mit der Zahl der Jahre die sportlichen Leistungen nachlie\u00dfen, blieb man beisammen. In der 1. Kreisklasse wird ein vorderer Platz belegt.Folgende Akteure wollen auch in den n\u00e4chsten Jahren noch Spa\u00df am Sport mit dem kleinen wei\u00dfen Ball haben: Manfred Dra\u00dfdo und Kurt Klaproth (beide 60 Jahre), Walter Gei\u00dfler und Wolfgang Ludekus (beide 66 Jahre), Rolf F\u00f6rster (68), Helmut G\u00fcnther (72), Hans Kr\u00f6nert (73) und Siegfried Hille (74).<\/p>\n<p>Rolf Liebig 1998 25. Jubil\u00e4um der Kinder- und Knaben-Fu\u00dfballturniere<img loading=\"lazy\" decoding=\"async\" id=\"image19\" src=\"https:\/\/www.turbine-dresden.de\/wp-content\/uploads\/2014\/04\/25jahreturbinetuniere.jpg\" alt=\"25jahreturbinetuniere.jpg\" width=\"455\" height=\"250\" \/><\/p>\n<p>1999 Aufstieg der A-Jugend-Fu\u00dfballer in die Bezirksliga Dresden<\/p>\n<p><img loading=\"lazy\" decoding=\"async\" id=\"image32\" src=\"https:\/\/www.turbine-dresden.de\/wp-content\/uploads\/2014\/04\/fjugend99.jpg\" alt=\"fjugend99.jpg\" width=\"457\" height=\"326\" \/><br \/>\nObere Reihe: P\u00e4\u00dfler, Wappler A., Schneider, Wappler P., Lampe, Br\u00fcckner T., Br\u00fcckner M., Riedel, Urban, Richter Untere Reihe: Wappler F., Bielack 2001<\/p>\n<p>50j\u00e4hriges Bestehen der BSG\/SSV Turbine Dresden<br \/>\n<img decoding=\"async\" id=\"image33\" src=\"https:\/\/www.turbine-dresden.de\/wp-content\/uploads\/2014\/04\/ehrung1.jpg\" alt=\"ehrung1.jpg\" \/><br \/>\nEhrung verdienstvoller Sportler durch den Vereinsvorsitzenden Andreas Ruppricht <img decoding=\"async\" id=\"image34\" src=\"https:\/\/www.turbine-dresden.de\/wp-content\/uploads\/2014\/04\/ehrung2.jpg\" alt=\"ehrung2.jpg\" \/><br \/>\nDie Geschichte des Vereins in Abrissen wird von allen bestaunt 2002<\/p>\n<p>Die 1. M\u00e4nner-Mannschaft spielt die 10. Saison in der Bezirksklasse Dresden <img decoding=\"async\" id=\"image35\" src=\"https:\/\/www.turbine-dresden.de\/wp-content\/uploads\/2014\/04\/1maenner1.jpg\" alt=\"1maenner1.jpg\" \/><br \/>\nObere Reihe: Noack, Werner, Kirchner, Scheibe J., Schulze, Raedecker, P\u00e4tzold, K\u00e4mpfer, Heibig, Lehnert, Untere Reihe: Kabelka, Grosche, Gr\u00e4ber, Werner, Schl\u00fc\u00dfler, Palisch, Scheibe H., Scholz<\/p>\n<p>Fertigstellung der Zuschauertraverse sowie des Aufbaus einer Ballfanganlage entlang der Neubertstr., \u00dcbergabe der sanierten Sanit\u00e4ranlagen und der Pflasterarbeiten auf dem Sportgel\u00e4nde, Renovierung des Kassenh\u00e4usl\u2019 s Teilnahme von mehreren Tischtennisspielern an den Senioren-Weltmeisterschaften in Luzern\/Schweiz<br \/>\n<img loading=\"lazy\" decoding=\"async\" id=\"image114\" class=\"alignleft\" src=\"https:\/\/www.turbine-dresden.de\/wp-content\/uploads\/2014\/04\/ttennis02.jpg\" alt=\"ttennis02.jpg\" width=\"453\" height=\"455\" \/><\/p>\n<p>&nbsp;<\/p>\n<p>&nbsp;<\/p>\n<p>&nbsp;<\/p>\n<p>&nbsp;<\/p>\n<p>&nbsp;<\/p>\n<p>&nbsp;<\/p>\n<p>&nbsp;<\/p>\n<p>&nbsp;<\/p>\n<p>&nbsp;<\/p>\n<p>&nbsp;<\/p>\n<p>30 Jahre Jugendturniere E-Jugend\/D-Jugend\/C-Jugend<br \/>\n<img loading=\"lazy\" decoding=\"async\" id=\"image113\" src=\"https:\/\/www.turbine-dresden.de\/wp-content\/uploads\/2014\/04\/1980_1.jpg\" alt=\"1980_1.jpg\" width=\"452\" height=\"346\" \/><br \/>\n1980<br \/>\n<img loading=\"lazy\" decoding=\"async\" id=\"image115\" src=\"https:\/\/www.turbine-dresden.de\/wp-content\/uploads\/2014\/04\/d-j2003_1.jpg\" alt=\"d-j2003_1.jpg\" width=\"452\" height=\"351\" \/><br \/>\n2003<\/p>\n<p>Im bescheidenen Rahmen begannen wir vor 30 Jahren mit unseren Nachwuchsmannschaften, nach Abschluss der Punktspiele, Turniere auf dem Sportplatz an der Pfotenhauerstra\u00dfe durchzuf\u00fchren. Am 7. Juli 1963 (vor 40 Jahren!) wurde im Karl Stein Stadion gegen Chemie Pirna mit einem 1:0 Sieg der Aufstieg in die Bezirksliga errungen. Dieses Spiel sahen \u00fcber 1000 Zuschauer!! Aus diesem Grund trafen sich die Spieler von darmals 1962\/63 <img loading=\"lazy\" decoding=\"async\" id=\"image116\" src=\"https:\/\/www.turbine-dresden.de\/wp-content\/uploads\/2014\/04\/1962-63_41.jpg\" alt=\"1962-63_41.jpg\" width=\"460\" height=\"308\" \/><br \/>\n1963<br \/>\n<img loading=\"lazy\" decoding=\"async\" id=\"image117\" src=\"https:\/\/www.turbine-dresden.de\/wp-content\/uploads\/2014\/04\/1962-63_61.jpg\" alt=\"1962-63_61.jpg\" width=\"465\" height=\"353\" \/><br \/>\n2003<br \/>\nAm 28.10.2003 wurde auf der Wahlversammlung des SSV Turbine Dresden im ESAG-Geb\u00e4ude der Vorstand gew\u00e4hlt sowie eine Satzungs\u00e4nderung best\u00e4tigt. <img loading=\"lazy\" decoding=\"async\" id=\"image118\" src=\"https:\/\/www.turbine-dresden.de\/wp-content\/uploads\/2014\/04\/Wahl_2003_g.jpg\" alt=\"Wahl_2003_g.jpg\" width=\"471\" height=\"356\" \/><\/p>\n\n    <\/div>\n    <\/li>\n<\/ul>\n","protected":false},"excerpt":{"rendered":"<p>Vorwort In dieser Sonderausgabe des Turbine-Kickers soll ein Abriss der 100j\u00e4hrigen Geschichte des Sporttreibens, insbesondere des Fu\u00dfballspielens, in der Dresdener Johannstadt dargelegt werden. Interessenten zu ausf\u00fchrlicheren Niederschriften k\u00f6nnen sich gern in der Gesch\u00e4ftsstelle des SSV Turbine Dresden nach Absprache informieren. Anschrift: SSV Turbine Dresden Gesch\u00e4ftsstelle Pfotenhauerstr. 79 01307 Dresden Telefon\/Fax: 0351\/8607457 Lothar D\u00f6hler Telefon: 0351\/4955315&hellip;<\/p>\n","protected":false},"author":1,"featured_media":0,"parent":0,"menu_order":0,"comment_status":"closed","ping_status":"closed","template":"","meta":{"footnotes":""},"class_list":["post-363","page","type-page","status-publish","hentry"],"_links":{"self":[{"href":"https:\/\/www.turbine-dresden.de\/index.php?rest_route=\/wp\/v2\/pages\/363","targetHints":{"allow":["GET"]}}],"collection":[{"href":"https:\/\/www.turbine-dresden.de\/index.php?rest_route=\/wp\/v2\/pages"}],"about":[{"href":"https:\/\/www.turbine-dresden.de\/index.php?rest_route=\/wp\/v2\/types\/page"}],"author":[{"embeddable":true,"href":"https:\/\/www.turbine-dresden.de\/index.php?rest_route=\/wp\/v2\/users\/1"}],"replies":[{"embeddable":true,"href":"https:\/\/www.turbine-dresden.de\/index.php?rest_route=%2Fwp%2Fv2%2Fcomments&post=363"}],"version-history":[{"count":11,"href":"https:\/\/www.turbine-dresden.de\/index.php?rest_route=\/wp\/v2\/pages\/363\/revisions"}],"predecessor-version":[{"id":4002,"href":"https:\/\/www.turbine-dresden.de\/index.php?rest_route=\/wp\/v2\/pages\/363\/revisions\/4002"}],"wp:attachment":[{"href":"https:\/\/www.turbine-dresden.de\/index.php?rest_route=%2Fwp%2Fv2%2Fmedia&parent=363"}],"curies":[{"name":"wp","href":"https:\/\/api.w.org\/{rel}","templated":true}]}}