{"id":619,"date":"2014-03-26T09:04:19","date_gmt":"2014-03-26T07:04:19","guid":{"rendered":"http:\/\/www.turbine-dresden.de\/?page_id=619"},"modified":"2026-01-01T19:13:14","modified_gmt":"2026-01-01T17:13:14","slug":"mitglied-werden","status":"publish","type":"page","link":"https:\/\/www.turbine-dresden.de\/?page_id=619","title":{"rendered":"Mitglied werden"},"content":{"rendered":"<p>Nachstehend k\u00f6nnen Sie in unserem Verein Mitglied werden. Den beigef\u00fcgten Mitgliedsantrag bitte ausdrucken und in der Gesch\u00e4ftsstelle oder bei einer Abteilungsleitung abgeben. Die Mitgliedsbeitr\u00e4ge f\u00fcr die einzelnen Abteilungen finden Sie in der Beitragsordnung.<\/p>\n<p>Im Zuge der letzten Firefox-Updates (ab V. 19) werden PDF\u00b4s nicht mehr \u00fcber das Plugin f\u00fcr den Adobe Reader angezeigt, sondern \u00fcber den neuen Firefox-internen PDF-Viewer (pdf.js).<\/p>\n<p>Das f\u00fchrt bisher leider zu fehlerhaften Darstellungen der Dokumente (Meldung: \u201eDas PDF-Dokument wird eventuell nicht korrekt dargestellt\u201c).<\/p>\n<ul>\n<li>Firefox \u00f6ffnen<\/li>\n<li>Men\u00fc &#8222;Extras \u2192 Einstellungen&#8220; (MacOS: Men\u00fc &#8222;Firefox \u2192 Einstellungen&#8230;&#8220;)<\/li>\n<li>Registerkarte &#8222;Anwendungen&#8220;<\/li>\n<li>In der linken Spalte &#8218;Dateityp&#8216; nach &#8222;Portable Document Format (PDF)&#8220; suchen<\/li>\n<li>In der rechten Spalte &#8218;Aktion&#8216; &#8222;Vorschau in Firefox&#8220; durch &#8222;Adobe Acrobat (in Firefox) verwenden&#8220;<br \/>\nersetzen (Mac OS: &#8222;Preview verwenden (Standard)&#8220;).<\/li>\n<\/ul>\n<ul>\n<li><a href=\"https:\/\/www.turbine-dresden.de\/?page_id=4556\">Formular Mitgliedsantrag<\/a><\/li>\n<li><a href=\"https:\/\/www.turbine-dresden.de\/wp-content\/uploads\/2014\/03\/SSV_Mitglieder_Datena\u0308nderung.pdf\">Formular Datena\u0308nderungsantrag<\/a><\/li>\n<li><a href=\"https:\/\/www.turbine-dresden.de\/wp-content\/uploads\/2026\/01\/Beitragsordnung-2026.pdf\" target=\"_blank\" rel=\"noopener\">Beitragsordnung 2026<\/a><\/li>\n<li><a href=\"https:\/\/www.turbine-dresden.de\/wp-content\/uploads\/2014\/03\/Satzung-13.12.2016.pdf\">Satzung 13.12.2016<\/a><\/li>\n<li><a href=\"http:\/\/www.turbine-dresden.de\/wp-content\/uploads\/2018\/10\/Datenschutzordnung.pdf\">Datenschutzordnung<\/a><\/li>\n<\/ul>\n<p><strong>Die Antragsformulare sind vor dem Ausdrucken online auszuf\u00fcllen!<br \/>\n<\/strong><\/p>\n<ul>\n<li>Bitte das Formular online ausf\u00fcllen, gegebenenfalls vorab per Mail senden und drucken.<\/li>\n<li>Das gedruckte Formular unterschreiben und beim zust\u00e4ndigen Trainer, Mannschaftsleiter oder Abteilungsleiter abgeben.<\/li>\n<li>Alle mit <strong>*<\/strong> markierten Felder sind zu bearbeiten!<\/li>\n<\/ul>\n","protected":false},"excerpt":{"rendered":"<p>Nachstehend k\u00f6nnen Sie in unserem Verein Mitglied werden. Den beigef\u00fcgten Mitgliedsantrag bitte ausdrucken und in der Gesch\u00e4ftsstelle oder bei einer Abteilungsleitung abgeben. Die Mitgliedsbeitr\u00e4ge f\u00fcr die einzelnen Abteilungen finden Sie in der Beitragsordnung. Im Zuge der letzten Firefox-Updates (ab V. 19) werden PDF\u00b4s nicht mehr \u00fcber das Plugin f\u00fcr den Adobe Reader angezeigt, sondern \u00fcber&hellip;<\/p>\n","protected":false},"author":1,"featured_media":0,"parent":14,"menu_order":0,"comment_status":"closed","ping_status":"closed","template":"","meta":{"footnotes":""},"class_list":["post-619","page","type-page","status-publish","hentry"],"_links":{"self":[{"href":"https:\/\/www.turbine-dresden.de\/index.php?rest_route=\/wp\/v2\/pages\/619","targetHints":{"allow":["GET"]}}],"collection":[{"href":"https:\/\/www.turbine-dresden.de\/index.php?rest_route=\/wp\/v2\/pages"}],"about":[{"href":"https:\/\/www.turbine-dresden.de\/index.php?rest_route=\/wp\/v2\/types\/page"}],"author":[{"embeddable":true,"href":"https:\/\/www.turbine-dresden.de\/index.php?rest_route=\/wp\/v2\/users\/1"}],"replies":[{"embeddable":true,"href":"https:\/\/www.turbine-dresden.de\/index.php?rest_route=%2Fwp%2Fv2%2Fcomments&post=619"}],"version-history":[{"count":33,"href":"https:\/\/www.turbine-dresden.de\/index.php?rest_route=\/wp\/v2\/pages\/619\/revisions"}],"predecessor-version":[{"id":11845,"href":"https:\/\/www.turbine-dresden.de\/index.php?rest_route=\/wp\/v2\/pages\/619\/revisions\/11845"}],"up":[{"embeddable":true,"href":"https:\/\/www.turbine-dresden.de\/index.php?rest_route=\/wp\/v2\/pages\/14"}],"wp:attachment":[{"href":"https:\/\/www.turbine-dresden.de\/index.php?rest_route=%2Fwp%2Fv2%2Fmedia&parent=619"}],"curies":[{"name":"wp","href":"https:\/\/api.w.org\/{rel}","templated":true}]}}