{"id":98,"date":"2014-01-08T20:40:00","date_gmt":"2014-01-08T18:40:00","guid":{"rendered":"http:\/\/www.turbine-dresden.de\/?page_id=98"},"modified":"2021-09-11T12:11:51","modified_gmt":"2021-09-11T10:11:51","slug":"2-maenner","status":"publish","type":"page","link":"https:\/\/www.turbine-dresden.de\/?page_id=98","title":{"rendered":"2. M\u00e4nner"},"content":{"rendered":"<h5><strong>Mannschaft<\/strong><\/h5>\n<p><a href=\"https:\/\/www.turbine-dresden.de\/wp-content\/uploads\/2014\/01\/mannschaftsfoto_folgt.jpg\"><img loading=\"lazy\" decoding=\"async\" class=\"wp-image-4456 alignnone\" src=\"https:\/\/www.turbine-dresden.de\/wp-content\/uploads\/2014\/01\/mannschaftsfoto_folgt.jpg\" alt=\"mannschaftsfoto_folgt\" width=\"463\" height=\"309\" srcset=\"https:\/\/www.turbine-dresden.de\/wp-content\/uploads\/2014\/01\/mannschaftsfoto_folgt.jpg 900w, https:\/\/www.turbine-dresden.de\/wp-content\/uploads\/2014\/01\/mannschaftsfoto_folgt-300x200.jpg 300w, https:\/\/www.turbine-dresden.de\/wp-content\/uploads\/2014\/01\/mannschaftsfoto_folgt-768x512.jpg 768w, https:\/\/www.turbine-dresden.de\/wp-content\/uploads\/2014\/01\/mannschaftsfoto_folgt-450x300.jpg 450w\" sizes=\"auto, (max-width: 463px) 100vw, 463px\" \/><\/a><\/p>\n<p>Klaus Hoffmann, Roland K\u00fchn, Enrico Bellmann, Klaus Damm, Nico Ro\u00dfmann, Alexander Tobar, Heiko Hemp, J\u00fcrgen Damm, Rudolf Marquardt, Michael\u00a0 Bottendorf, Jens Dietrich, Steven Tottewitz<\/p>\n<h5><strong> Trainingszeit<\/strong><\/h5>\n<ul>\n<li>Dienstags, 19:00 &#8211; 22:00 Uhr<\/li>\n<li>Donnerstags, 15:00 &#8211; 19:00 Uhr<\/li>\n<\/ul>\n<p>&nbsp;<\/p>\n<p>&nbsp;<\/p>\n<p>&nbsp;<\/p>\n","protected":false},"excerpt":{"rendered":"<p>Mannschaft Klaus Hoffmann, Roland K\u00fchn, Enrico Bellmann, Klaus Damm, Nico Ro\u00dfmann, Alexander Tobar, Heiko Hemp, J\u00fcrgen Damm, Rudolf Marquardt, Michael\u00a0 Bottendorf, Jens Dietrich, Steven Tottewitz Trainingszeit Dienstags, 19:00 &#8211; 22:00 Uhr Donnerstags, 15:00 &#8211; 19:00 Uhr &nbsp; &nbsp; &nbsp;<\/p>\n","protected":false},"author":1,"featured_media":0,"parent":0,"menu_order":4,"comment_status":"closed","ping_status":"closed","template":"","meta":{"footnotes":""},"class_list":["post-98","page","type-page","status-publish","hentry"],"_links":{"self":[{"href":"https:\/\/www.turbine-dresden.de\/index.php?rest_route=\/wp\/v2\/pages\/98","targetHints":{"allow":["GET"]}}],"collection":[{"href":"https:\/\/www.turbine-dresden.de\/index.php?rest_route=\/wp\/v2\/pages"}],"about":[{"href":"https:\/\/www.turbine-dresden.de\/index.php?rest_route=\/wp\/v2\/types\/page"}],"author":[{"embeddable":true,"href":"https:\/\/www.turbine-dresden.de\/index.php?rest_route=\/wp\/v2\/users\/1"}],"replies":[{"embeddable":true,"href":"https:\/\/www.turbine-dresden.de\/index.php?rest_route=%2Fwp%2Fv2%2Fcomments&post=98"}],"version-history":[{"count":35,"href":"https:\/\/www.turbine-dresden.de\/index.php?rest_route=\/wp\/v2\/pages\/98\/revisions"}],"predecessor-version":[{"id":11399,"href":"https:\/\/www.turbine-dresden.de\/index.php?rest_route=\/wp\/v2\/pages\/98\/revisions\/11399"}],"wp:attachment":[{"href":"https:\/\/www.turbine-dresden.de\/index.php?rest_route=%2Fwp%2Fv2%2Fmedia&parent=98"}],"curies":[{"name":"wp","href":"https:\/\/api.w.org\/{rel}","templated":true}]}}